{"id":2455,"date":"2023-03-26T01:44:07","date_gmt":"2023-03-25T23:44:07","guid":{"rendered":"https:\/\/osuusmetsa.fi\/?post_type=product&#038;p=2455"},"modified":"2023-12-28T21:08:14","modified_gmt":"2023-12-28T19:08:14","slug":"metsaverokirja-2023","status":"publish","type":"product","link":"https:\/\/osuusmetsa.fi\/paasivusto\/tuote\/metsaverokirja-2023\/","title":{"rendered":"Mets\u00e4verokirja 2023"},"content":{"rendered":"<p>Teos on oiva apu mets\u00e4talouden veroilmoitusta laativalle ja mets\u00e4verotuksen kanssa ty\u00f6ss\u00e4\u00e4n tekemisiss\u00e4 olevalle ammattilaiselle. Se auttaa ket\u00e4 tahansa p\u00e4\u00e4sem\u00e4\u00e4n selvyyteen mets\u00e4verotuksen koukeroista.<\/p>\n","protected":false},"excerpt":{"rendered":"<p><em>Mets\u00e4verokirja 2023\u00a0<\/em>on laajasti arvostettu ja tunnettu teos, joka paneutuu ajankohtaisiin verokysymyksiin perusasioita unohtamatta. Kirja sis\u00e4lt\u00e4\u00e4 ajankohtaisen tiedon taksoista ja korvausten ja v\u00e4hennysten enimm\u00e4ism\u00e4\u00e4rist\u00e4. Edellisen vuoden mets\u00e4taloudelliset tapahtumat on koottu vuosikatsaukseen. Kirjan lopusta l\u00f6ytyv\u00e4t valmiit pohjat, joita lukija voi hy\u00f6dynt\u00e4\u00e4 omassa mets\u00e4talouden kirjanpidossaan.<\/p>\n","protected":false},"featured_media":2456,"template":"","meta":{"_acf_changed":false,"site-sidebar-layout":"default","site-content-layout":"default","ast-site-content-layout":"default","site-content-style":"default","site-sidebar-style":"default","ast-global-header-display":"","ast-banner-title-visibility":"","ast-main-header-display":"","ast-hfb-above-header-display":"","ast-hfb-below-header-display":"","ast-hfb-mobile-header-display":"","site-post-title":"","ast-breadcrumbs-content":"","ast-featured-img":"","footer-sml-layout":"","ast-disable-related-posts":"","theme-transparent-header-meta":"default","adv-header-id-meta":"","stick-header-meta":"default","header-above-stick-meta":"","header-main-stick-meta":"","header-below-stick-meta":"","astra-migrate-meta-layouts":"default","ast-page-background-enabled":"default","ast-page-background-meta":{"desktop":{"background-color":"","background-image":"","background-repeat":"repeat","background-position":"center center","background-size":"auto","background-attachment":"scroll","background-type":"","background-media":"","overlay-type":"","overlay-color":"","overlay-opacity":"","overlay-gradient":""},"tablet":{"background-color":"","background-image":"","background-repeat":"repeat","background-position":"center center","background-size":"auto","background-attachment":"scroll","background-type":"","background-media":"","overlay-type":"","overlay-color":"","overlay-opacity":"","overlay-gradient":""},"mobile":{"background-color":"","background-image":"","background-repeat":"repeat","background-position":"center center","background-size":"auto","background-attachment":"scroll","background-type":"","background-media":"","overlay-type":"","overlay-color":"","overlay-opacity":"","overlay-gradient":""}},"ast-content-background-meta":{"desktop":{"background-color":"var(--ast-global-color-5)","background-image":"","background-repeat":"repeat","background-position":"center center","background-size":"auto","background-attachment":"scroll","background-type":"","background-media":"","overlay-type":"","overlay-color":"","overlay-opacity":"","overlay-gradient":""},"tablet":{"background-color":"var(--ast-global-color-5)","background-image":"","background-repeat":"repeat","background-position":"center center","background-size":"auto","background-attachment":"scroll","background-type":"","background-media":"","overlay-type":"","overlay-color":"","overlay-opacity":"","overlay-gradient":""},"mobile":{"background-color":"var(--ast-global-color-5)","background-image":"","background-repeat":"repeat","background-position":"center center","background-size":"auto","background-attachment":"scroll","background-type":"","background-media":"","overlay-type":"","overlay-color":"","overlay-opacity":"","overlay-gradient":""}}},"product_cat":[70],"product_tag":[],"acf":[],"yoast_head":"<!-- This site is optimized with the Yoast SEO plugin v23.5 - https:\/\/yoast.com\/wordpress\/plugins\/seo\/ -->\n<title>Mets\u00e4verokirja 2023 - Mets&auml;opiskelijoiden OsuusMets&auml;<\/title>\n<meta name=\"robots\" content=\"index, follow, max-snippet:-1, max-image-preview:large, max-video-preview:-1\" \/>\n<link rel=\"canonical\" href=\"https:\/\/osuusmetsa.fi\/paasivusto\/tuote\/metsaverokirja-2023\/\" \/>\n<meta property=\"og:locale\" content=\"fi_FI\" \/>\n<meta property=\"og:type\" content=\"article\" \/>\n<meta property=\"og:title\" content=\"Mets\u00e4verokirja 2023 - Mets&auml;opiskelijoiden OsuusMets&auml;\" \/>\n<meta property=\"og:description\" content=\"Mets\u00e4verokirja 2023\u00a0on laajasti arvostettu ja tunnettu teos, joka paneutuu ajankohtaisiin verokysymyksiin perusasioita unohtamatta. Kirja sis\u00e4lt\u00e4\u00e4 ajankohtaisen tiedon taksoista ja korvausten ja v\u00e4hennysten enimm\u00e4ism\u00e4\u00e4rist\u00e4. Edellisen vuoden mets\u00e4taloudelliset tapahtumat on koottu vuosikatsaukseen. Kirjan lopusta l\u00f6ytyv\u00e4t valmiit pohjat, joita lukija voi hy\u00f6dynt\u00e4\u00e4 omassa mets\u00e4talouden kirjanpidossaan.\" \/>\n<meta property=\"og:url\" content=\"https:\/\/osuusmetsa.fi\/paasivusto\/tuote\/metsaverokirja-2023\/\" \/>\n<meta property=\"og:site_name\" content=\"Mets&auml;opiskelijoiden OsuusMets&auml;\" \/>\n<meta property=\"article:modified_time\" content=\"2023-12-28T19:08:14+00:00\" \/>\n<meta property=\"og:image\" content=\"https:\/\/osuusmetsa.fi\/paasivusto\/sisallot\/lataukset\/2023\/03\/metsaverokirja2023.jpg\" \/>\n\t<meta property=\"og:image:width\" content=\"187\" \/>\n\t<meta property=\"og:image:height\" content=\"269\" \/>\n\t<meta property=\"og:image:type\" content=\"image\/jpeg\" \/>\n<meta name=\"twitter:card\" content=\"summary_large_image\" \/>\n<meta name=\"twitter:label1\" content=\"Arvioitu lukuaika\" \/>\n\t<meta name=\"twitter:data1\" content=\"1 minuutti\" \/>\n<script type=\"application\/ld+json\" class=\"yoast-schema-graph\">{\"@context\":\"https:\/\/schema.org\",\"@graph\":[{\"@type\":\"WebPage\",\"@id\":\"https:\/\/osuusmetsa.fi\/paasivusto\/tuote\/metsaverokirja-2023\/\",\"url\":\"https:\/\/osuusmetsa.fi\/paasivusto\/tuote\/metsaverokirja-2023\/\",\"name\":\"Mets\u00e4verokirja 2023 - Mets&auml;opiskelijoiden OsuusMets&auml;\",\"isPartOf\":{\"@id\":\"https:\/\/osuusmetsa.fi\/paasivusto\/#website\"},\"primaryImageOfPage\":{\"@id\":\"https:\/\/osuusmetsa.fi\/paasivusto\/tuote\/metsaverokirja-2023\/#primaryimage\"},\"image\":{\"@id\":\"https:\/\/osuusmetsa.fi\/paasivusto\/tuote\/metsaverokirja-2023\/#primaryimage\"},\"thumbnailUrl\":\"https:\/\/osuusmetsa.fi\/paasivusto\/sisallot\/lataukset\/2023\/03\/metsaverokirja2023.jpg\",\"datePublished\":\"2023-03-25T23:44:07+00:00\",\"dateModified\":\"2023-12-28T19:08:14+00:00\",\"breadcrumb\":{\"@id\":\"https:\/\/osuusmetsa.fi\/paasivusto\/tuote\/metsaverokirja-2023\/#breadcrumb\"},\"inLanguage\":\"fi\",\"potentialAction\":[{\"@type\":\"ReadAction\",\"target\":[\"https:\/\/osuusmetsa.fi\/paasivusto\/tuote\/metsaverokirja-2023\/\"]}]},{\"@type\":\"ImageObject\",\"inLanguage\":\"fi\",\"@id\":\"https:\/\/osuusmetsa.fi\/paasivusto\/tuote\/metsaverokirja-2023\/#primaryimage\",\"url\":\"https:\/\/osuusmetsa.fi\/paasivusto\/sisallot\/lataukset\/2023\/03\/metsaverokirja2023.jpg\",\"contentUrl\":\"https:\/\/osuusmetsa.fi\/paasivusto\/sisallot\/lataukset\/2023\/03\/metsaverokirja2023.jpg\",\"width\":187,\"height\":269},{\"@type\":\"BreadcrumbList\",\"@id\":\"https:\/\/osuusmetsa.fi\/paasivusto\/tuote\/metsaverokirja-2023\/#breadcrumb\",\"itemListElement\":[{\"@type\":\"ListItem\",\"position\":1,\"name\":\"Etusivu\",\"item\":\"https:\/\/osuusmetsa.fi\/paasivusto\/\"},{\"@type\":\"ListItem\",\"position\":2,\"name\":\"Tuotteet\",\"item\":\"https:\/\/osuusmetsa.fi\/paasivusto\/verkkokauppa\/\"},{\"@type\":\"ListItem\",\"position\":3,\"name\":\"Mets\u00e4verokirja 2023\"}]},{\"@type\":\"WebSite\",\"@id\":\"https:\/\/osuusmetsa.fi\/paasivusto\/#website\",\"url\":\"https:\/\/osuusmetsa.fi\/paasivusto\/\",\"name\":\"Mets\u00e4opiskelijoiden OsuusMets\u00e4\",\"description\":\"Osuuskunta mets&auml;alan opiskelijoille\",\"publisher\":{\"@id\":\"https:\/\/osuusmetsa.fi\/paasivusto\/#organization\"},\"potentialAction\":[{\"@type\":\"SearchAction\",\"target\":{\"@type\":\"EntryPoint\",\"urlTemplate\":\"https:\/\/osuusmetsa.fi\/paasivusto\/?s={search_term_string}\"},\"query-input\":{\"@type\":\"PropertyValueSpecification\",\"valueRequired\":true,\"valueName\":\"search_term_string\"}}],\"inLanguage\":\"fi\"},{\"@type\":\"Organization\",\"@id\":\"https:\/\/osuusmetsa.fi\/paasivusto\/#organization\",\"name\":\"Mets\u00e4opiskelijoiden OsuusMets\u00e4\",\"url\":\"https:\/\/osuusmetsa.fi\/paasivusto\/\",\"logo\":{\"@type\":\"ImageObject\",\"inLanguage\":\"fi\",\"@id\":\"https:\/\/osuusmetsa.fi\/paasivusto\/#\/schema\/logo\/image\/\",\"url\":\"https:\/\/osuusmetsa.fi\/paasivusto\/sisallot\/lataukset\/2021\/08\/OsuusMetsa_logo.png\",\"contentUrl\":\"https:\/\/osuusmetsa.fi\/paasivusto\/sisallot\/lataukset\/2021\/08\/OsuusMetsa_logo.png\",\"width\":519,\"height\":469,\"caption\":\"Mets\u00e4opiskelijoiden OsuusMets\u00e4\"},\"image\":{\"@id\":\"https:\/\/osuusmetsa.fi\/paasivusto\/#\/schema\/logo\/image\/\"}}]}<\/script>\n<!-- \/ Yoast SEO plugin. -->","yoast_head_json":{"title":"Mets\u00e4verokirja 2023 - Mets&auml;opiskelijoiden OsuusMets&auml;","robots":{"index":"index","follow":"follow","max-snippet":"max-snippet:-1","max-image-preview":"max-image-preview:large","max-video-preview":"max-video-preview:-1"},"canonical":"https:\/\/osuusmetsa.fi\/paasivusto\/tuote\/metsaverokirja-2023\/","og_locale":"fi_FI","og_type":"article","og_title":"Mets\u00e4verokirja 2023 - Mets&auml;opiskelijoiden OsuusMets&auml;","og_description":"Mets\u00e4verokirja 2023\u00a0on laajasti arvostettu ja tunnettu teos, joka paneutuu ajankohtaisiin verokysymyksiin perusasioita unohtamatta. Kirja sis\u00e4lt\u00e4\u00e4 ajankohtaisen tiedon taksoista ja korvausten ja v\u00e4hennysten enimm\u00e4ism\u00e4\u00e4rist\u00e4. Edellisen vuoden mets\u00e4taloudelliset tapahtumat on koottu vuosikatsaukseen. Kirjan lopusta l\u00f6ytyv\u00e4t valmiit pohjat, joita lukija voi hy\u00f6dynt\u00e4\u00e4 omassa mets\u00e4talouden kirjanpidossaan.","og_url":"https:\/\/osuusmetsa.fi\/paasivusto\/tuote\/metsaverokirja-2023\/","og_site_name":"Mets&auml;opiskelijoiden OsuusMets&auml;","article_modified_time":"2023-12-28T19:08:14+00:00","og_image":[{"width":187,"height":269,"url":"https:\/\/osuusmetsa.fi\/paasivusto\/sisallot\/lataukset\/2023\/03\/metsaverokirja2023.jpg","type":"image\/jpeg"}],"twitter_card":"summary_large_image","twitter_misc":{"Arvioitu lukuaika":"1 minuutti"},"schema":{"@context":"https:\/\/schema.org","@graph":[{"@type":"WebPage","@id":"https:\/\/osuusmetsa.fi\/paasivusto\/tuote\/metsaverokirja-2023\/","url":"https:\/\/osuusmetsa.fi\/paasivusto\/tuote\/metsaverokirja-2023\/","name":"Mets\u00e4verokirja 2023 - Mets&auml;opiskelijoiden OsuusMets&auml;","isPartOf":{"@id":"https:\/\/osuusmetsa.fi\/paasivusto\/#website"},"primaryImageOfPage":{"@id":"https:\/\/osuusmetsa.fi\/paasivusto\/tuote\/metsaverokirja-2023\/#primaryimage"},"image":{"@id":"https:\/\/osuusmetsa.fi\/paasivusto\/tuote\/metsaverokirja-2023\/#primaryimage"},"thumbnailUrl":"https:\/\/osuusmetsa.fi\/paasivusto\/sisallot\/lataukset\/2023\/03\/metsaverokirja2023.jpg","datePublished":"2023-03-25T23:44:07+00:00","dateModified":"2023-12-28T19:08:14+00:00","breadcrumb":{"@id":"https:\/\/osuusmetsa.fi\/paasivusto\/tuote\/metsaverokirja-2023\/#breadcrumb"},"inLanguage":"fi","potentialAction":[{"@type":"ReadAction","target":["https:\/\/osuusmetsa.fi\/paasivusto\/tuote\/metsaverokirja-2023\/"]}]},{"@type":"ImageObject","inLanguage":"fi","@id":"https:\/\/osuusmetsa.fi\/paasivusto\/tuote\/metsaverokirja-2023\/#primaryimage","url":"https:\/\/osuusmetsa.fi\/paasivusto\/sisallot\/lataukset\/2023\/03\/metsaverokirja2023.jpg","contentUrl":"https:\/\/osuusmetsa.fi\/paasivusto\/sisallot\/lataukset\/2023\/03\/metsaverokirja2023.jpg","width":187,"height":269},{"@type":"BreadcrumbList","@id":"https:\/\/osuusmetsa.fi\/paasivusto\/tuote\/metsaverokirja-2023\/#breadcrumb","itemListElement":[{"@type":"ListItem","position":1,"name":"Etusivu","item":"https:\/\/osuusmetsa.fi\/paasivusto\/"},{"@type":"ListItem","position":2,"name":"Tuotteet","item":"https:\/\/osuusmetsa.fi\/paasivusto\/verkkokauppa\/"},{"@type":"ListItem","position":3,"name":"Mets\u00e4verokirja 2023"}]},{"@type":"WebSite","@id":"https:\/\/osuusmetsa.fi\/paasivusto\/#website","url":"https:\/\/osuusmetsa.fi\/paasivusto\/","name":"Mets\u00e4opiskelijoiden OsuusMets\u00e4","description":"Osuuskunta mets&auml;alan opiskelijoille","publisher":{"@id":"https:\/\/osuusmetsa.fi\/paasivusto\/#organization"},"potentialAction":[{"@type":"SearchAction","target":{"@type":"EntryPoint","urlTemplate":"https:\/\/osuusmetsa.fi\/paasivusto\/?s={search_term_string}"},"query-input":{"@type":"PropertyValueSpecification","valueRequired":true,"valueName":"search_term_string"}}],"inLanguage":"fi"},{"@type":"Organization","@id":"https:\/\/osuusmetsa.fi\/paasivusto\/#organization","name":"Mets\u00e4opiskelijoiden OsuusMets\u00e4","url":"https:\/\/osuusmetsa.fi\/paasivusto\/","logo":{"@type":"ImageObject","inLanguage":"fi","@id":"https:\/\/osuusmetsa.fi\/paasivusto\/#\/schema\/logo\/image\/","url":"https:\/\/osuusmetsa.fi\/paasivusto\/sisallot\/lataukset\/2021\/08\/OsuusMetsa_logo.png","contentUrl":"https:\/\/osuusmetsa.fi\/paasivusto\/sisallot\/lataukset\/2021\/08\/OsuusMetsa_logo.png","width":519,"height":469,"caption":"Mets\u00e4opiskelijoiden OsuusMets\u00e4"},"image":{"@id":"https:\/\/osuusmetsa.fi\/paasivusto\/#\/schema\/logo\/image\/"}}]}},"_links":{"self":[{"href":"https:\/\/osuusmetsa.fi\/paasivusto\/wp-json\/wp\/v2\/product\/2455"}],"collection":[{"href":"https:\/\/osuusmetsa.fi\/paasivusto\/wp-json\/wp\/v2\/product"}],"about":[{"href":"https:\/\/osuusmetsa.fi\/paasivusto\/wp-json\/wp\/v2\/types\/product"}],"wp:featuredmedia":[{"embeddable":true,"href":"https:\/\/osuusmetsa.fi\/paasivusto\/wp-json\/wp\/v2\/media\/2456"}],"wp:attachment":[{"href":"https:\/\/osuusmetsa.fi\/paasivusto\/wp-json\/wp\/v2\/media?parent=2455"}],"wp:term":[{"taxonomy":"product_cat","embeddable":true,"href":"https:\/\/osuusmetsa.fi\/paasivusto\/wp-json\/wp\/v2\/product_cat?post=2455"},{"taxonomy":"product_tag","embeddable":true,"href":"https:\/\/osuusmetsa.fi\/paasivusto\/wp-json\/wp\/v2\/product_tag?post=2455"}],"curies":[{"name":"wp","href":"https:\/\/api.w.org\/{rel}","templated":true}]}}