{"id":1873,"date":"2022-02-17T19:45:31","date_gmt":"2022-02-17T17:45:31","guid":{"rendered":"https:\/\/osuusmetsa.fi\/tuote\/energiapuunkorjuu\/"},"modified":"2023-11-26T22:17:58","modified_gmt":"2023-11-26T20:17:58","slug":"energiapuunkorjuu","status":"publish","type":"product","link":"https:\/\/osuusmetsa.fi\/paasivusto\/tuote\/energiapuunkorjuu\/","title":{"rendered":"Energiapuun korjuu"},"content":{"rendered":"<p>Mets\u00e4nkasvatuksessa energiapuun korjuu nivoutuu osaksi muuta mets\u00e4nk\u00e4sittely\u00e4. Energiapuuta korjataan karsimattomana ja karsittuna rankana kasvatushakkuilta sek\u00e4 hakkuut\u00e4htein\u00e4 ja kantoina uudistushakkuualoilta. Energiapuuta saadaan my\u00f6s erityiskohteilta, kuten teiden ja peltojen pientareilta, mets\u00e4teiden varsilta sek\u00e4 s\u00e4hk\u00f6linjojen vierimetsist\u00e4. Oppaaseen on koottu energiapuun korjuun toimintaketju mets\u00e4st\u00e4 haketetun puupolttoaineen k\u00e4ytt\u00f6paikalle. Ty\u00f6opas t\u00e4ydent\u00e4\u00e4 ja tarkentaa Hyv\u00e4n mets\u00e4nhoidon suosituksia ja tarjoaa mets\u00e4nomistajille ja mets\u00e4talouden toimijoille k\u00e4yt\u00e4nn\u00f6nl\u00e4heist\u00e4 tietoa energiapuun korjuusta. Oppaan ovat laatineet Tapio Oy:n asiantuntijat yhteisty\u00f6ss\u00e4 mets\u00e4- ja ymp\u00e4rist\u00f6alan toimijoiden kanssa.<\/p>\n","protected":false},"excerpt":{"rendered":"<p>Opas esittelee monipuolisesti hyv\u00e4t toimintatavat energiapuun korjuun suunnitteluun, toteutukseen ja laadunhallintaan. Energiapuun korjuu kest\u00e4v\u00e4ll\u00e4 tavalla ja laadukkaan mets\u00e4hakkeen tuottaminen vaatii osaamista ja vahvaa asiantuntemusta.<\/p>\n","protected":false},"featured_media":1828,"template":"","meta":{"_acf_changed":false,"site-sidebar-layout":"default","site-content-layout":"default","ast-site-content-layout":"default","site-content-style":"default","site-sidebar-style":"default","ast-global-header-display":"","ast-banner-title-visibility":"","ast-main-header-display":"","ast-hfb-above-header-display":"","ast-hfb-below-header-display":"","ast-hfb-mobile-header-display":"","site-post-title":"","ast-breadcrumbs-content":"","ast-featured-img":"","footer-sml-layout":"","ast-disable-related-posts":"","theme-transparent-header-meta":"","adv-header-id-meta":"","stick-header-meta":"","header-above-stick-meta":"","header-main-stick-meta":"","header-below-stick-meta":"","astra-migrate-meta-layouts":"default","ast-page-background-enabled":"default","ast-page-background-meta":{"desktop":{"background-color":"","background-image":"","background-repeat":"repeat","background-position":"center center","background-size":"auto","background-attachment":"scroll","background-type":"","background-media":"","overlay-type":"","overlay-color":"","overlay-opacity":"","overlay-gradient":""},"tablet":{"background-color":"","background-image":"","background-repeat":"repeat","background-position":"center center","background-size":"auto","background-attachment":"scroll","background-type":"","background-media":"","overlay-type":"","overlay-color":"","overlay-opacity":"","overlay-gradient":""},"mobile":{"background-color":"","background-image":"","background-repeat":"repeat","background-position":"center center","background-size":"auto","background-attachment":"scroll","background-type":"","background-media":"","overlay-type":"","overlay-color":"","overlay-opacity":"","overlay-gradient":""}},"ast-content-background-meta":{"desktop":{"background-color":"var(--ast-global-color-5)","background-image":"","background-repeat":"repeat","background-position":"center center","background-size":"auto","background-attachment":"scroll","background-type":"","background-media":"","overlay-type":"","overlay-color":"","overlay-opacity":"","overlay-gradient":""},"tablet":{"background-color":"var(--ast-global-color-5)","background-image":"","background-repeat":"repeat","background-position":"center center","background-size":"auto","background-attachment":"scroll","background-type":"","background-media":"","overlay-type":"","overlay-color":"","overlay-opacity":"","overlay-gradient":""},"mobile":{"background-color":"var(--ast-global-color-5)","background-image":"","background-repeat":"repeat","background-position":"center center","background-size":"auto","background-attachment":"scroll","background-type":"","background-media":"","overlay-type":"","overlay-color":"","overlay-opacity":"","overlay-gradient":""}}},"product_cat":[70],"product_tag":[],"acf":[],"yoast_head":"<!-- This site is optimized with the Yoast SEO plugin v23.5 - https:\/\/yoast.com\/wordpress\/plugins\/seo\/ -->\n<title>Energiapuun korjuu - Mets&auml;opiskelijoiden OsuusMets&auml;<\/title>\n<meta name=\"robots\" content=\"index, follow, max-snippet:-1, max-image-preview:large, max-video-preview:-1\" \/>\n<link rel=\"canonical\" href=\"https:\/\/osuusmetsa.fi\/paasivusto\/tuote\/energiapuunkorjuu\/\" \/>\n<meta property=\"og:locale\" content=\"fi_FI\" \/>\n<meta property=\"og:type\" content=\"article\" \/>\n<meta property=\"og:title\" content=\"Energiapuun korjuu - Mets&auml;opiskelijoiden OsuusMets&auml;\" \/>\n<meta property=\"og:description\" content=\"Opas esittelee monipuolisesti hyv\u00e4t toimintatavat energiapuun korjuun suunnitteluun, toteutukseen ja laadunhallintaan. Energiapuun korjuu kest\u00e4v\u00e4ll\u00e4 tavalla ja laadukkaan mets\u00e4hakkeen tuottaminen vaatii osaamista ja vahvaa asiantuntemusta.\" \/>\n<meta property=\"og:url\" content=\"https:\/\/osuusmetsa.fi\/paasivusto\/tuote\/energiapuunkorjuu\/\" \/>\n<meta property=\"og:site_name\" content=\"Mets&auml;opiskelijoiden OsuusMets&auml;\" \/>\n<meta property=\"article:modified_time\" content=\"2023-11-26T20:17:58+00:00\" \/>\n<meta property=\"og:image\" content=\"https:\/\/osuusmetsa.fi\/paasivusto\/sisallot\/lataukset\/2022\/02\/Energiapuunkorjuu.jpg\" \/>\n\t<meta property=\"og:image:width\" content=\"400\" \/>\n\t<meta property=\"og:image:height\" content=\"581\" \/>\n\t<meta property=\"og:image:type\" content=\"image\/jpeg\" \/>\n<meta name=\"twitter:card\" content=\"summary_large_image\" \/>\n<script type=\"application\/ld+json\" class=\"yoast-schema-graph\">{\"@context\":\"https:\/\/schema.org\",\"@graph\":[{\"@type\":\"WebPage\",\"@id\":\"https:\/\/osuusmetsa.fi\/paasivusto\/tuote\/energiapuunkorjuu\/\",\"url\":\"https:\/\/osuusmetsa.fi\/paasivusto\/tuote\/energiapuunkorjuu\/\",\"name\":\"Energiapuun korjuu - Mets&auml;opiskelijoiden OsuusMets&auml;\",\"isPartOf\":{\"@id\":\"https:\/\/osuusmetsa.fi\/paasivusto\/#website\"},\"primaryImageOfPage\":{\"@id\":\"https:\/\/osuusmetsa.fi\/paasivusto\/tuote\/energiapuunkorjuu\/#primaryimage\"},\"image\":{\"@id\":\"https:\/\/osuusmetsa.fi\/paasivusto\/tuote\/energiapuunkorjuu\/#primaryimage\"},\"thumbnailUrl\":\"https:\/\/osuusmetsa.fi\/paasivusto\/sisallot\/lataukset\/2022\/02\/Energiapuunkorjuu.jpg\",\"datePublished\":\"2022-02-17T17:45:31+00:00\",\"dateModified\":\"2023-11-26T20:17:58+00:00\",\"breadcrumb\":{\"@id\":\"https:\/\/osuusmetsa.fi\/paasivusto\/tuote\/energiapuunkorjuu\/#breadcrumb\"},\"inLanguage\":\"fi\",\"potentialAction\":[{\"@type\":\"ReadAction\",\"target\":[\"https:\/\/osuusmetsa.fi\/paasivusto\/tuote\/energiapuunkorjuu\/\"]}]},{\"@type\":\"ImageObject\",\"inLanguage\":\"fi\",\"@id\":\"https:\/\/osuusmetsa.fi\/paasivusto\/tuote\/energiapuunkorjuu\/#primaryimage\",\"url\":\"https:\/\/osuusmetsa.fi\/paasivusto\/sisallot\/lataukset\/2022\/02\/Energiapuunkorjuu.jpg\",\"contentUrl\":\"https:\/\/osuusmetsa.fi\/paasivusto\/sisallot\/lataukset\/2022\/02\/Energiapuunkorjuu.jpg\",\"width\":400,\"height\":581},{\"@type\":\"BreadcrumbList\",\"@id\":\"https:\/\/osuusmetsa.fi\/paasivusto\/tuote\/energiapuunkorjuu\/#breadcrumb\",\"itemListElement\":[{\"@type\":\"ListItem\",\"position\":1,\"name\":\"Etusivu\",\"item\":\"https:\/\/osuusmetsa.fi\/paasivusto\/\"},{\"@type\":\"ListItem\",\"position\":2,\"name\":\"Tuotteet\",\"item\":\"https:\/\/osuusmetsa.fi\/paasivusto\/verkkokauppa\/\"},{\"@type\":\"ListItem\",\"position\":3,\"name\":\"Energiapuun korjuu\"}]},{\"@type\":\"WebSite\",\"@id\":\"https:\/\/osuusmetsa.fi\/paasivusto\/#website\",\"url\":\"https:\/\/osuusmetsa.fi\/paasivusto\/\",\"name\":\"Mets\u00e4opiskelijoiden OsuusMets\u00e4\",\"description\":\"Osuuskunta mets&auml;alan opiskelijoille\",\"publisher\":{\"@id\":\"https:\/\/osuusmetsa.fi\/paasivusto\/#organization\"},\"potentialAction\":[{\"@type\":\"SearchAction\",\"target\":{\"@type\":\"EntryPoint\",\"urlTemplate\":\"https:\/\/osuusmetsa.fi\/paasivusto\/?s={search_term_string}\"},\"query-input\":{\"@type\":\"PropertyValueSpecification\",\"valueRequired\":true,\"valueName\":\"search_term_string\"}}],\"inLanguage\":\"fi\"},{\"@type\":\"Organization\",\"@id\":\"https:\/\/osuusmetsa.fi\/paasivusto\/#organization\",\"name\":\"Mets\u00e4opiskelijoiden OsuusMets\u00e4\",\"url\":\"https:\/\/osuusmetsa.fi\/paasivusto\/\",\"logo\":{\"@type\":\"ImageObject\",\"inLanguage\":\"fi\",\"@id\":\"https:\/\/osuusmetsa.fi\/paasivusto\/#\/schema\/logo\/image\/\",\"url\":\"https:\/\/osuusmetsa.fi\/paasivusto\/sisallot\/lataukset\/2021\/08\/OsuusMetsa_logo.png\",\"contentUrl\":\"https:\/\/osuusmetsa.fi\/paasivusto\/sisallot\/lataukset\/2021\/08\/OsuusMetsa_logo.png\",\"width\":519,\"height\":469,\"caption\":\"Mets\u00e4opiskelijoiden OsuusMets\u00e4\"},\"image\":{\"@id\":\"https:\/\/osuusmetsa.fi\/paasivusto\/#\/schema\/logo\/image\/\"}}]}<\/script>\n<!-- \/ Yoast SEO plugin. -->","yoast_head_json":{"title":"Energiapuun korjuu - Mets&auml;opiskelijoiden OsuusMets&auml;","robots":{"index":"index","follow":"follow","max-snippet":"max-snippet:-1","max-image-preview":"max-image-preview:large","max-video-preview":"max-video-preview:-1"},"canonical":"https:\/\/osuusmetsa.fi\/paasivusto\/tuote\/energiapuunkorjuu\/","og_locale":"fi_FI","og_type":"article","og_title":"Energiapuun korjuu - Mets&auml;opiskelijoiden OsuusMets&auml;","og_description":"Opas esittelee monipuolisesti hyv\u00e4t toimintatavat energiapuun korjuun suunnitteluun, toteutukseen ja laadunhallintaan. Energiapuun korjuu kest\u00e4v\u00e4ll\u00e4 tavalla ja laadukkaan mets\u00e4hakkeen tuottaminen vaatii osaamista ja vahvaa asiantuntemusta.","og_url":"https:\/\/osuusmetsa.fi\/paasivusto\/tuote\/energiapuunkorjuu\/","og_site_name":"Mets&auml;opiskelijoiden OsuusMets&auml;","article_modified_time":"2023-11-26T20:17:58+00:00","og_image":[{"width":400,"height":581,"url":"https:\/\/osuusmetsa.fi\/paasivusto\/sisallot\/lataukset\/2022\/02\/Energiapuunkorjuu.jpg","type":"image\/jpeg"}],"twitter_card":"summary_large_image","schema":{"@context":"https:\/\/schema.org","@graph":[{"@type":"WebPage","@id":"https:\/\/osuusmetsa.fi\/paasivusto\/tuote\/energiapuunkorjuu\/","url":"https:\/\/osuusmetsa.fi\/paasivusto\/tuote\/energiapuunkorjuu\/","name":"Energiapuun korjuu - Mets&auml;opiskelijoiden OsuusMets&auml;","isPartOf":{"@id":"https:\/\/osuusmetsa.fi\/paasivusto\/#website"},"primaryImageOfPage":{"@id":"https:\/\/osuusmetsa.fi\/paasivusto\/tuote\/energiapuunkorjuu\/#primaryimage"},"image":{"@id":"https:\/\/osuusmetsa.fi\/paasivusto\/tuote\/energiapuunkorjuu\/#primaryimage"},"thumbnailUrl":"https:\/\/osuusmetsa.fi\/paasivusto\/sisallot\/lataukset\/2022\/02\/Energiapuunkorjuu.jpg","datePublished":"2022-02-17T17:45:31+00:00","dateModified":"2023-11-26T20:17:58+00:00","breadcrumb":{"@id":"https:\/\/osuusmetsa.fi\/paasivusto\/tuote\/energiapuunkorjuu\/#breadcrumb"},"inLanguage":"fi","potentialAction":[{"@type":"ReadAction","target":["https:\/\/osuusmetsa.fi\/paasivusto\/tuote\/energiapuunkorjuu\/"]}]},{"@type":"ImageObject","inLanguage":"fi","@id":"https:\/\/osuusmetsa.fi\/paasivusto\/tuote\/energiapuunkorjuu\/#primaryimage","url":"https:\/\/osuusmetsa.fi\/paasivusto\/sisallot\/lataukset\/2022\/02\/Energiapuunkorjuu.jpg","contentUrl":"https:\/\/osuusmetsa.fi\/paasivusto\/sisallot\/lataukset\/2022\/02\/Energiapuunkorjuu.jpg","width":400,"height":581},{"@type":"BreadcrumbList","@id":"https:\/\/osuusmetsa.fi\/paasivusto\/tuote\/energiapuunkorjuu\/#breadcrumb","itemListElement":[{"@type":"ListItem","position":1,"name":"Etusivu","item":"https:\/\/osuusmetsa.fi\/paasivusto\/"},{"@type":"ListItem","position":2,"name":"Tuotteet","item":"https:\/\/osuusmetsa.fi\/paasivusto\/verkkokauppa\/"},{"@type":"ListItem","position":3,"name":"Energiapuun korjuu"}]},{"@type":"WebSite","@id":"https:\/\/osuusmetsa.fi\/paasivusto\/#website","url":"https:\/\/osuusmetsa.fi\/paasivusto\/","name":"Mets\u00e4opiskelijoiden OsuusMets\u00e4","description":"Osuuskunta mets&auml;alan opiskelijoille","publisher":{"@id":"https:\/\/osuusmetsa.fi\/paasivusto\/#organization"},"potentialAction":[{"@type":"SearchAction","target":{"@type":"EntryPoint","urlTemplate":"https:\/\/osuusmetsa.fi\/paasivusto\/?s={search_term_string}"},"query-input":{"@type":"PropertyValueSpecification","valueRequired":true,"valueName":"search_term_string"}}],"inLanguage":"fi"},{"@type":"Organization","@id":"https:\/\/osuusmetsa.fi\/paasivusto\/#organization","name":"Mets\u00e4opiskelijoiden OsuusMets\u00e4","url":"https:\/\/osuusmetsa.fi\/paasivusto\/","logo":{"@type":"ImageObject","inLanguage":"fi","@id":"https:\/\/osuusmetsa.fi\/paasivusto\/#\/schema\/logo\/image\/","url":"https:\/\/osuusmetsa.fi\/paasivusto\/sisallot\/lataukset\/2021\/08\/OsuusMetsa_logo.png","contentUrl":"https:\/\/osuusmetsa.fi\/paasivusto\/sisallot\/lataukset\/2021\/08\/OsuusMetsa_logo.png","width":519,"height":469,"caption":"Mets\u00e4opiskelijoiden OsuusMets\u00e4"},"image":{"@id":"https:\/\/osuusmetsa.fi\/paasivusto\/#\/schema\/logo\/image\/"}}]}},"_links":{"self":[{"href":"https:\/\/osuusmetsa.fi\/paasivusto\/wp-json\/wp\/v2\/product\/1873"}],"collection":[{"href":"https:\/\/osuusmetsa.fi\/paasivusto\/wp-json\/wp\/v2\/product"}],"about":[{"href":"https:\/\/osuusmetsa.fi\/paasivusto\/wp-json\/wp\/v2\/types\/product"}],"wp:featuredmedia":[{"embeddable":true,"href":"https:\/\/osuusmetsa.fi\/paasivusto\/wp-json\/wp\/v2\/media\/1828"}],"wp:attachment":[{"href":"https:\/\/osuusmetsa.fi\/paasivusto\/wp-json\/wp\/v2\/media?parent=1873"}],"wp:term":[{"taxonomy":"product_cat","embeddable":true,"href":"https:\/\/osuusmetsa.fi\/paasivusto\/wp-json\/wp\/v2\/product_cat?post=1873"},{"taxonomy":"product_tag","embeddable":true,"href":"https:\/\/osuusmetsa.fi\/paasivusto\/wp-json\/wp\/v2\/product_tag?post=1873"}],"curies":[{"name":"wp","href":"https:\/\/api.w.org\/{rel}","templated":true}]}}