{"id":1782,"date":"2022-02-17T18:10:10","date_gmt":"2022-02-17T16:10:10","guid":{"rendered":"https:\/\/osuusmetsa.fi\/tuote\/maastotaulukot-hyvan-metsanhoidon-suositukset\/"},"modified":"2023-12-28T21:07:56","modified_gmt":"2023-12-28T19:07:56","slug":"maastotaulukot-hyvan-metsanhoidon-suositukset","status":"publish","type":"product","link":"https:\/\/osuusmetsa.fi\/paasivusto\/tuote\/maastotaulukot-hyvan-metsanhoidon-suositukset\/","title":{"rendered":"Maastotaulukot &#8211; Hyv\u00e4n mets\u00e4nhoidon suositukset"},"content":{"rendered":"<p>Maastotaulukot on jokaisen mets\u00e4ammattilaisen ja aktiivisen mets\u00e4nomistajan ty\u00f6v\u00e4line. Nyt se on entist\u00e4kin helppok\u00e4ytt\u00f6isempi. K\u00e4tev\u00e4 k\u00e4ytt\u00e4\u00e4 maastossa tukevan kierresidonnan ansiosta. Uusi, miellytt\u00e4v\u00e4mpi PET-muovi kest\u00e4\u00e4 kovaakin kulutusta s\u00e4\u00e4ss\u00e4 kuin s\u00e4\u00e4ss\u00e4. Uusi, suurempi koko (11,5 x 16,5 cm).<\/p>\n","protected":false},"excerpt":{"rendered":"<p>Maastotaulukoihin on koottu mets\u00e4nhoidon suositusten keskeiset liitetaulukot. Vastaukset talousmetsien k\u00e4sittely\u00e4 koskeviin keskeisiin kysymyksiin l\u00f6ytyv\u00e4t Maastotaulukoista.<\/p>\n","protected":false},"featured_media":1830,"template":"","meta":{"_acf_changed":false,"site-sidebar-layout":"default","site-content-layout":"default","ast-site-content-layout":"default","site-content-style":"default","site-sidebar-style":"default","ast-global-header-display":"","ast-banner-title-visibility":"","ast-main-header-display":"","ast-hfb-above-header-display":"","ast-hfb-below-header-display":"","ast-hfb-mobile-header-display":"","site-post-title":"","ast-breadcrumbs-content":"","ast-featured-img":"","footer-sml-layout":"","ast-disable-related-posts":"","theme-transparent-header-meta":"","adv-header-id-meta":"","stick-header-meta":"","header-above-stick-meta":"","header-main-stick-meta":"","header-below-stick-meta":"","astra-migrate-meta-layouts":"default","ast-page-background-enabled":"default","ast-page-background-meta":{"desktop":{"background-color":"","background-image":"","background-repeat":"repeat","background-position":"center center","background-size":"auto","background-attachment":"scroll","background-type":"","background-media":"","overlay-type":"","overlay-color":"","overlay-opacity":"","overlay-gradient":""},"tablet":{"background-color":"","background-image":"","background-repeat":"repeat","background-position":"center center","background-size":"auto","background-attachment":"scroll","background-type":"","background-media":"","overlay-type":"","overlay-color":"","overlay-opacity":"","overlay-gradient":""},"mobile":{"background-color":"","background-image":"","background-repeat":"repeat","background-position":"center center","background-size":"auto","background-attachment":"scroll","background-type":"","background-media":"","overlay-type":"","overlay-color":"","overlay-opacity":"","overlay-gradient":""}},"ast-content-background-meta":{"desktop":{"background-color":"var(--ast-global-color-5)","background-image":"","background-repeat":"repeat","background-position":"center center","background-size":"auto","background-attachment":"scroll","background-type":"","background-media":"","overlay-type":"","overlay-color":"","overlay-opacity":"","overlay-gradient":""},"tablet":{"background-color":"var(--ast-global-color-5)","background-image":"","background-repeat":"repeat","background-position":"center center","background-size":"auto","background-attachment":"scroll","background-type":"","background-media":"","overlay-type":"","overlay-color":"","overlay-opacity":"","overlay-gradient":""},"mobile":{"background-color":"var(--ast-global-color-5)","background-image":"","background-repeat":"repeat","background-position":"center center","background-size":"auto","background-attachment":"scroll","background-type":"","background-media":"","overlay-type":"","overlay-color":"","overlay-opacity":"","overlay-gradient":""}}},"product_cat":[70],"product_tag":[],"acf":[],"yoast_head":"<!-- This site is optimized with the Yoast SEO plugin v23.5 - https:\/\/yoast.com\/wordpress\/plugins\/seo\/ -->\n<title>Maastotaulukot - Hyv\u00e4n mets\u00e4nhoidon suositukset - Mets&auml;opiskelijoiden OsuusMets&auml;<\/title>\n<meta name=\"robots\" content=\"index, follow, max-snippet:-1, max-image-preview:large, max-video-preview:-1\" \/>\n<link rel=\"canonical\" href=\"https:\/\/osuusmetsa.fi\/paasivusto\/tuote\/maastotaulukot-hyvan-metsanhoidon-suositukset\/\" \/>\n<meta property=\"og:locale\" content=\"fi_FI\" \/>\n<meta property=\"og:type\" content=\"article\" \/>\n<meta property=\"og:title\" content=\"Maastotaulukot - Hyv\u00e4n mets\u00e4nhoidon suositukset - Mets&auml;opiskelijoiden OsuusMets&auml;\" \/>\n<meta property=\"og:description\" content=\"Maastotaulukoihin on koottu mets\u00e4nhoidon suositusten keskeiset liitetaulukot. Vastaukset talousmetsien k\u00e4sittely\u00e4 koskeviin keskeisiin kysymyksiin l\u00f6ytyv\u00e4t Maastotaulukoista.\" \/>\n<meta property=\"og:url\" content=\"https:\/\/osuusmetsa.fi\/paasivusto\/tuote\/maastotaulukot-hyvan-metsanhoidon-suositukset\/\" \/>\n<meta property=\"og:site_name\" content=\"Mets&auml;opiskelijoiden OsuusMets&auml;\" \/>\n<meta property=\"article:modified_time\" content=\"2023-12-28T19:07:56+00:00\" \/>\n<meta property=\"og:image\" content=\"https:\/\/osuusmetsa.fi\/paasivusto\/sisallot\/lataukset\/2022\/02\/Maastotaulukot.jpg\" \/>\n\t<meta property=\"og:image:width\" content=\"400\" \/>\n\t<meta property=\"og:image:height\" content=\"573\" \/>\n\t<meta property=\"og:image:type\" content=\"image\/jpeg\" \/>\n<meta name=\"twitter:card\" content=\"summary_large_image\" \/>\n<script type=\"application\/ld+json\" class=\"yoast-schema-graph\">{\"@context\":\"https:\/\/schema.org\",\"@graph\":[{\"@type\":\"WebPage\",\"@id\":\"https:\/\/osuusmetsa.fi\/paasivusto\/tuote\/maastotaulukot-hyvan-metsanhoidon-suositukset\/\",\"url\":\"https:\/\/osuusmetsa.fi\/paasivusto\/tuote\/maastotaulukot-hyvan-metsanhoidon-suositukset\/\",\"name\":\"Maastotaulukot - Hyv\u00e4n mets\u00e4nhoidon suositukset - Mets&auml;opiskelijoiden OsuusMets&auml;\",\"isPartOf\":{\"@id\":\"https:\/\/osuusmetsa.fi\/paasivusto\/#website\"},\"primaryImageOfPage\":{\"@id\":\"https:\/\/osuusmetsa.fi\/paasivusto\/tuote\/maastotaulukot-hyvan-metsanhoidon-suositukset\/#primaryimage\"},\"image\":{\"@id\":\"https:\/\/osuusmetsa.fi\/paasivusto\/tuote\/maastotaulukot-hyvan-metsanhoidon-suositukset\/#primaryimage\"},\"thumbnailUrl\":\"https:\/\/osuusmetsa.fi\/paasivusto\/sisallot\/lataukset\/2022\/02\/Maastotaulukot.jpg\",\"datePublished\":\"2022-02-17T16:10:10+00:00\",\"dateModified\":\"2023-12-28T19:07:56+00:00\",\"breadcrumb\":{\"@id\":\"https:\/\/osuusmetsa.fi\/paasivusto\/tuote\/maastotaulukot-hyvan-metsanhoidon-suositukset\/#breadcrumb\"},\"inLanguage\":\"fi\",\"potentialAction\":[{\"@type\":\"ReadAction\",\"target\":[\"https:\/\/osuusmetsa.fi\/paasivusto\/tuote\/maastotaulukot-hyvan-metsanhoidon-suositukset\/\"]}]},{\"@type\":\"ImageObject\",\"inLanguage\":\"fi\",\"@id\":\"https:\/\/osuusmetsa.fi\/paasivusto\/tuote\/maastotaulukot-hyvan-metsanhoidon-suositukset\/#primaryimage\",\"url\":\"https:\/\/osuusmetsa.fi\/paasivusto\/sisallot\/lataukset\/2022\/02\/Maastotaulukot.jpg\",\"contentUrl\":\"https:\/\/osuusmetsa.fi\/paasivusto\/sisallot\/lataukset\/2022\/02\/Maastotaulukot.jpg\",\"width\":400,\"height\":573},{\"@type\":\"BreadcrumbList\",\"@id\":\"https:\/\/osuusmetsa.fi\/paasivusto\/tuote\/maastotaulukot-hyvan-metsanhoidon-suositukset\/#breadcrumb\",\"itemListElement\":[{\"@type\":\"ListItem\",\"position\":1,\"name\":\"Etusivu\",\"item\":\"https:\/\/osuusmetsa.fi\/paasivusto\/\"},{\"@type\":\"ListItem\",\"position\":2,\"name\":\"Tuotteet\",\"item\":\"https:\/\/osuusmetsa.fi\/paasivusto\/verkkokauppa\/\"},{\"@type\":\"ListItem\",\"position\":3,\"name\":\"Maastotaulukot &#8211; Hyv\u00e4n mets\u00e4nhoidon suositukset\"}]},{\"@type\":\"WebSite\",\"@id\":\"https:\/\/osuusmetsa.fi\/paasivusto\/#website\",\"url\":\"https:\/\/osuusmetsa.fi\/paasivusto\/\",\"name\":\"Mets\u00e4opiskelijoiden OsuusMets\u00e4\",\"description\":\"Osuuskunta mets&auml;alan opiskelijoille\",\"publisher\":{\"@id\":\"https:\/\/osuusmetsa.fi\/paasivusto\/#organization\"},\"potentialAction\":[{\"@type\":\"SearchAction\",\"target\":{\"@type\":\"EntryPoint\",\"urlTemplate\":\"https:\/\/osuusmetsa.fi\/paasivusto\/?s={search_term_string}\"},\"query-input\":{\"@type\":\"PropertyValueSpecification\",\"valueRequired\":true,\"valueName\":\"search_term_string\"}}],\"inLanguage\":\"fi\"},{\"@type\":\"Organization\",\"@id\":\"https:\/\/osuusmetsa.fi\/paasivusto\/#organization\",\"name\":\"Mets\u00e4opiskelijoiden OsuusMets\u00e4\",\"url\":\"https:\/\/osuusmetsa.fi\/paasivusto\/\",\"logo\":{\"@type\":\"ImageObject\",\"inLanguage\":\"fi\",\"@id\":\"https:\/\/osuusmetsa.fi\/paasivusto\/#\/schema\/logo\/image\/\",\"url\":\"https:\/\/osuusmetsa.fi\/paasivusto\/sisallot\/lataukset\/2021\/08\/OsuusMetsa_logo.png\",\"contentUrl\":\"https:\/\/osuusmetsa.fi\/paasivusto\/sisallot\/lataukset\/2021\/08\/OsuusMetsa_logo.png\",\"width\":519,\"height\":469,\"caption\":\"Mets\u00e4opiskelijoiden OsuusMets\u00e4\"},\"image\":{\"@id\":\"https:\/\/osuusmetsa.fi\/paasivusto\/#\/schema\/logo\/image\/\"}}]}<\/script>\n<!-- \/ Yoast SEO plugin. -->","yoast_head_json":{"title":"Maastotaulukot - Hyv\u00e4n mets\u00e4nhoidon suositukset - Mets&auml;opiskelijoiden OsuusMets&auml;","robots":{"index":"index","follow":"follow","max-snippet":"max-snippet:-1","max-image-preview":"max-image-preview:large","max-video-preview":"max-video-preview:-1"},"canonical":"https:\/\/osuusmetsa.fi\/paasivusto\/tuote\/maastotaulukot-hyvan-metsanhoidon-suositukset\/","og_locale":"fi_FI","og_type":"article","og_title":"Maastotaulukot - Hyv\u00e4n mets\u00e4nhoidon suositukset - Mets&auml;opiskelijoiden OsuusMets&auml;","og_description":"Maastotaulukoihin on koottu mets\u00e4nhoidon suositusten keskeiset liitetaulukot. Vastaukset talousmetsien k\u00e4sittely\u00e4 koskeviin keskeisiin kysymyksiin l\u00f6ytyv\u00e4t Maastotaulukoista.","og_url":"https:\/\/osuusmetsa.fi\/paasivusto\/tuote\/maastotaulukot-hyvan-metsanhoidon-suositukset\/","og_site_name":"Mets&auml;opiskelijoiden OsuusMets&auml;","article_modified_time":"2023-12-28T19:07:56+00:00","og_image":[{"width":400,"height":573,"url":"https:\/\/osuusmetsa.fi\/paasivusto\/sisallot\/lataukset\/2022\/02\/Maastotaulukot.jpg","type":"image\/jpeg"}],"twitter_card":"summary_large_image","schema":{"@context":"https:\/\/schema.org","@graph":[{"@type":"WebPage","@id":"https:\/\/osuusmetsa.fi\/paasivusto\/tuote\/maastotaulukot-hyvan-metsanhoidon-suositukset\/","url":"https:\/\/osuusmetsa.fi\/paasivusto\/tuote\/maastotaulukot-hyvan-metsanhoidon-suositukset\/","name":"Maastotaulukot - Hyv\u00e4n mets\u00e4nhoidon suositukset - Mets&auml;opiskelijoiden OsuusMets&auml;","isPartOf":{"@id":"https:\/\/osuusmetsa.fi\/paasivusto\/#website"},"primaryImageOfPage":{"@id":"https:\/\/osuusmetsa.fi\/paasivusto\/tuote\/maastotaulukot-hyvan-metsanhoidon-suositukset\/#primaryimage"},"image":{"@id":"https:\/\/osuusmetsa.fi\/paasivusto\/tuote\/maastotaulukot-hyvan-metsanhoidon-suositukset\/#primaryimage"},"thumbnailUrl":"https:\/\/osuusmetsa.fi\/paasivusto\/sisallot\/lataukset\/2022\/02\/Maastotaulukot.jpg","datePublished":"2022-02-17T16:10:10+00:00","dateModified":"2023-12-28T19:07:56+00:00","breadcrumb":{"@id":"https:\/\/osuusmetsa.fi\/paasivusto\/tuote\/maastotaulukot-hyvan-metsanhoidon-suositukset\/#breadcrumb"},"inLanguage":"fi","potentialAction":[{"@type":"ReadAction","target":["https:\/\/osuusmetsa.fi\/paasivusto\/tuote\/maastotaulukot-hyvan-metsanhoidon-suositukset\/"]}]},{"@type":"ImageObject","inLanguage":"fi","@id":"https:\/\/osuusmetsa.fi\/paasivusto\/tuote\/maastotaulukot-hyvan-metsanhoidon-suositukset\/#primaryimage","url":"https:\/\/osuusmetsa.fi\/paasivusto\/sisallot\/lataukset\/2022\/02\/Maastotaulukot.jpg","contentUrl":"https:\/\/osuusmetsa.fi\/paasivusto\/sisallot\/lataukset\/2022\/02\/Maastotaulukot.jpg","width":400,"height":573},{"@type":"BreadcrumbList","@id":"https:\/\/osuusmetsa.fi\/paasivusto\/tuote\/maastotaulukot-hyvan-metsanhoidon-suositukset\/#breadcrumb","itemListElement":[{"@type":"ListItem","position":1,"name":"Etusivu","item":"https:\/\/osuusmetsa.fi\/paasivusto\/"},{"@type":"ListItem","position":2,"name":"Tuotteet","item":"https:\/\/osuusmetsa.fi\/paasivusto\/verkkokauppa\/"},{"@type":"ListItem","position":3,"name":"Maastotaulukot &#8211; Hyv\u00e4n mets\u00e4nhoidon suositukset"}]},{"@type":"WebSite","@id":"https:\/\/osuusmetsa.fi\/paasivusto\/#website","url":"https:\/\/osuusmetsa.fi\/paasivusto\/","name":"Mets\u00e4opiskelijoiden OsuusMets\u00e4","description":"Osuuskunta mets&auml;alan opiskelijoille","publisher":{"@id":"https:\/\/osuusmetsa.fi\/paasivusto\/#organization"},"potentialAction":[{"@type":"SearchAction","target":{"@type":"EntryPoint","urlTemplate":"https:\/\/osuusmetsa.fi\/paasivusto\/?s={search_term_string}"},"query-input":{"@type":"PropertyValueSpecification","valueRequired":true,"valueName":"search_term_string"}}],"inLanguage":"fi"},{"@type":"Organization","@id":"https:\/\/osuusmetsa.fi\/paasivusto\/#organization","name":"Mets\u00e4opiskelijoiden OsuusMets\u00e4","url":"https:\/\/osuusmetsa.fi\/paasivusto\/","logo":{"@type":"ImageObject","inLanguage":"fi","@id":"https:\/\/osuusmetsa.fi\/paasivusto\/#\/schema\/logo\/image\/","url":"https:\/\/osuusmetsa.fi\/paasivusto\/sisallot\/lataukset\/2021\/08\/OsuusMetsa_logo.png","contentUrl":"https:\/\/osuusmetsa.fi\/paasivusto\/sisallot\/lataukset\/2021\/08\/OsuusMetsa_logo.png","width":519,"height":469,"caption":"Mets\u00e4opiskelijoiden OsuusMets\u00e4"},"image":{"@id":"https:\/\/osuusmetsa.fi\/paasivusto\/#\/schema\/logo\/image\/"}}]}},"_links":{"self":[{"href":"https:\/\/osuusmetsa.fi\/paasivusto\/wp-json\/wp\/v2\/product\/1782"}],"collection":[{"href":"https:\/\/osuusmetsa.fi\/paasivusto\/wp-json\/wp\/v2\/product"}],"about":[{"href":"https:\/\/osuusmetsa.fi\/paasivusto\/wp-json\/wp\/v2\/types\/product"}],"wp:featuredmedia":[{"embeddable":true,"href":"https:\/\/osuusmetsa.fi\/paasivusto\/wp-json\/wp\/v2\/media\/1830"}],"wp:attachment":[{"href":"https:\/\/osuusmetsa.fi\/paasivusto\/wp-json\/wp\/v2\/media?parent=1782"}],"wp:term":[{"taxonomy":"product_cat","embeddable":true,"href":"https:\/\/osuusmetsa.fi\/paasivusto\/wp-json\/wp\/v2\/product_cat?post=1782"},{"taxonomy":"product_tag","embeddable":true,"href":"https:\/\/osuusmetsa.fi\/paasivusto\/wp-json\/wp\/v2\/product_tag?post=1782"}],"curies":[{"name":"wp","href":"https:\/\/api.w.org\/{rel}","templated":true}]}}