{"id":687,"date":"2021-09-07T21:14:38","date_gmt":"2021-09-07T18:14:38","guid":{"rendered":"https:\/\/osuusmetsa.fi\/?page_id=687"},"modified":"2023-01-16T14:55:30","modified_gmt":"2023-01-16T12:55:30","slug":"rekrytointi","status":"publish","type":"page","link":"https:\/\/osuusmetsa.fi\/paasivusto\/rekrytointi\/","title":{"rendered":"Rekrytointi"},"content":{"rendered":"\t\t<div data-elementor-type=\"wp-page\" data-elementor-id=\"687\" class=\"elementor elementor-687\">\n\t\t\t\t\t\t<section class=\"elementor-section elementor-top-section elementor-element elementor-element-ca89d95 elementor-section-boxed elementor-section-height-default elementor-section-height-default\" data-id=\"ca89d95\" data-element_type=\"section\">\n\t\t\t\t\t\t<div class=\"elementor-container elementor-column-gap-default\">\n\t\t\t\t\t<div class=\"elementor-column elementor-col-100 elementor-top-column elementor-element elementor-element-2e8505e\" data-id=\"2e8505e\" data-element_type=\"column\">\n\t\t\t<div class=\"elementor-widget-wrap elementor-element-populated\">\n\t\t\t\t\t\t<div class=\"elementor-element elementor-element-a669988 elementor-widget elementor-widget-heading\" data-id=\"a669988\" data-element_type=\"widget\" data-widget_type=\"heading.default\">\n\t\t\t\t<div class=\"elementor-widget-container\">\n\t\t\t\t\t<h2 class=\"elementor-heading-title elementor-size-default\">Etsitk\u00f6 t\u00f6it\u00e4? Siin\u00e4 tapauksessa OsuusMets\u00e4 on oikea osoite!<\/h2>\t\t\t\t<\/div>\n\t\t\t\t<\/div>\n\t\t\t\t<div class=\"elementor-element elementor-element-eaa910c elementor-widget elementor-widget-text-editor\" data-id=\"eaa910c\" data-element_type=\"widget\" data-widget_type=\"text-editor.default\">\n\t\t\t\t<div class=\"elementor-widget-container\">\n\t\t\t\t\t\t\t\t\t<p>Etsimme jatkuvasti osaajia erilaisiin teht\u00e4viin. Haku on jatkuva ja osaaville tekij\u00f6ille on aina tarvetta. Tutustu avoimiin ty\u00f6paikkoihin tai j\u00e4t\u00e4 avoin hakemus hakulomakkeen kautta.<\/p>\t\t\t\t\t\t\t\t<\/div>\n\t\t\t\t<\/div>\n\t\t\t\t<div class=\"elementor-element elementor-element-5c69b65 elementor-widget elementor-widget-heading\" data-id=\"5c69b65\" data-element_type=\"widget\" data-widget_type=\"heading.default\">\n\t\t\t\t<div class=\"elementor-widget-container\">\n\t\t\t\t\t<h2 class=\"elementor-heading-title elementor-size-default\">Avoimet ty\u00f6paikat<\/h2>\t\t\t\t<\/div>\n\t\t\t\t<\/div>\n\t\t\t\t\t<\/div>\n\t\t<\/div>\n\t\t\t\t\t<\/div>\n\t\t<\/section>\n\t\t\t\t<section class=\"elementor-section elementor-top-section elementor-element elementor-element-ff12756 elementor-section-boxed elementor-section-height-default elementor-section-height-default\" data-id=\"ff12756\" data-element_type=\"section\">\n\t\t\t\t\t\t<div class=\"elementor-container elementor-column-gap-default\">\n\t\t\t\t\t<div class=\"elementor-column elementor-col-100 elementor-top-column elementor-element elementor-element-8dd1e33\" data-id=\"8dd1e33\" data-element_type=\"column\">\n\t\t\t<div class=\"elementor-widget-wrap elementor-element-populated\">\n\t\t\t\t\t\t<div class=\"elementor-element elementor-element-d8c9e74 elementor-widget elementor-widget-heading\" data-id=\"d8c9e74\" data-element_type=\"widget\" data-widget_type=\"heading.default\">\n\t\t\t\t<div class=\"elementor-widget-container\">\n\t\t\t\t\t<h2 class=\"elementor-heading-title elementor-size-default\">Avoin hakemus<\/h2>\t\t\t\t<\/div>\n\t\t\t\t<\/div>\n\t\t\t\t<div class=\"elementor-element elementor-element-0e9c4e2 elementor-widget elementor-widget-text-editor\" data-id=\"0e9c4e2\" data-element_type=\"widget\" data-widget_type=\"text-editor.default\">\n\t\t\t\t<div class=\"elementor-widget-container\">\n\t\t\t\t\t\t\t\t\t<p>T\u00e4yt\u00e4 alla oleva lomake, jos haluat l\u00e4hett\u00e4\u00e4 avoimen hakemuksen. Yll\u00e4 oleviin avoimiin ty\u00f6paikkoihin haetaan jokaisen ty\u00f6teht\u00e4v\u00e4n omalta sivulta. Lomakkeen vaaditut kent\u00e4t on merkitty *-merkinn\u00e4ll\u00e4. Lomakkeen l\u00e4hett\u00e4misen j\u00e4lkeen saat vahvistusviestin ilmoittamaasi s\u00e4hk\u00f6postiosoitteeseen. Vahvistusviesti sis\u00e4lt\u00e4\u00e4 lomakkeelle sy\u00f6tt\u00e4m\u00e4si tiedot.<\/p>\t\t\t\t\t\t\t\t<\/div>\n\t\t\t\t<\/div>\n\t\t\t\t<div class=\"elementor-element elementor-element-bbec240 elementor-button-align-start elementor-tablet-button-align-stretch elementor-mobile-button-align-stretch elementor-widget elementor-widget-global elementor-global-733 elementor-widget-form\" data-id=\"bbec240\" data-element_type=\"widget\" data-settings=\"{&quot;step_next_label&quot;:&quot;Next&quot;,&quot;step_previous_label&quot;:&quot;Previous&quot;,&quot;step_type&quot;:&quot;number_text&quot;,&quot;step_icon_shape&quot;:&quot;circle&quot;}\" data-widget_type=\"form.default\">\n\t\t\t\t<div class=\"elementor-widget-container\">\n\t\t\t\t\t\t\t<form class=\"elementor-form\" method=\"post\" name=\"Rekrylomake\">\n\t\t\t<input type=\"hidden\" name=\"post_id\" value=\"687\"\/>\n\t\t\t<input type=\"hidden\" name=\"form_id\" value=\"bbec240\"\/>\n\t\t\t<input type=\"hidden\" name=\"referer_title\" value=\"Mets&auml;opiskelijoiden OsuusMets&auml;\" \/>\n\n\t\t\t\n\t\t\t<div class=\"elementor-form-fields-wrapper elementor-labels-above\">\n\t\t\t\t\t\t\t\t<div class=\"elementor-field-type-text elementor-field-group elementor-column elementor-field-group-etunimi elementor-col-50 elementor-field-required elementor-mark-required\">\n\t\t\t\t\t\t\t\t\t\t\t\t<label for=\"form-field-etunimi\" class=\"elementor-field-label\">\n\t\t\t\t\t\t\t\tEtunimi\t\t\t\t\t\t\t<\/label>\n\t\t\t\t\t\t\t\t\t\t\t\t\t\t<input size=\"1\" type=\"text\" name=\"form_fields[etunimi]\" id=\"form-field-etunimi\" class=\"elementor-field elementor-size-sm  elementor-field-textual\" required=\"required\" aria-required=\"true\">\n\t\t\t\t\t\t\t\t\t\t\t<\/div>\n\t\t\t\t\t\t\t\t<div class=\"elementor-field-type-text elementor-field-group elementor-column elementor-field-group-sukunimi elementor-col-50 elementor-field-required elementor-mark-required\">\n\t\t\t\t\t\t\t\t\t\t\t\t<label for=\"form-field-sukunimi\" class=\"elementor-field-label\">\n\t\t\t\t\t\t\t\tSukunimi\t\t\t\t\t\t\t<\/label>\n\t\t\t\t\t\t\t\t\t\t\t\t\t\t<input size=\"1\" type=\"text\" name=\"form_fields[sukunimi]\" id=\"form-field-sukunimi\" class=\"elementor-field elementor-size-sm  elementor-field-textual\" required=\"required\" aria-required=\"true\">\n\t\t\t\t\t\t\t\t\t\t\t<\/div>\n\t\t\t\t\t\t\t\t<div class=\"elementor-field-type-text elementor-field-group elementor-column elementor-field-group-field_455306c elementor-col-100 elementor-field-required elementor-mark-required\">\n\t\t\t\t\t\t\t\t\t\t\t\t<label for=\"form-field-field_455306c\" class=\"elementor-field-label\">\n\t\t\t\t\t\t\t\tKatuosoite\t\t\t\t\t\t\t<\/label>\n\t\t\t\t\t\t\t\t\t\t\t\t\t\t<input size=\"1\" type=\"text\" name=\"form_fields[field_455306c]\" id=\"form-field-field_455306c\" class=\"elementor-field elementor-size-sm  elementor-field-textual\" required=\"required\" aria-required=\"true\">\n\t\t\t\t\t\t\t\t\t\t\t<\/div>\n\t\t\t\t\t\t\t\t<div class=\"elementor-field-type-text elementor-field-group elementor-column elementor-field-group-field_7c5d75f elementor-col-50 elementor-field-required elementor-mark-required\">\n\t\t\t\t\t\t\t\t\t\t\t\t<label for=\"form-field-field_7c5d75f\" class=\"elementor-field-label\">\n\t\t\t\t\t\t\t\tPostinumero\t\t\t\t\t\t\t<\/label>\n\t\t\t\t\t\t\t\t\t\t\t\t\t\t<input size=\"1\" type=\"text\" name=\"form_fields[field_7c5d75f]\" id=\"form-field-field_7c5d75f\" class=\"elementor-field elementor-size-sm  elementor-field-textual\" required=\"required\" aria-required=\"true\">\n\t\t\t\t\t\t\t\t\t\t\t<\/div>\n\t\t\t\t\t\t\t\t<div class=\"elementor-field-type-text elementor-field-group elementor-column elementor-field-group-field_2c15b7a elementor-col-50 elementor-field-required elementor-mark-required\">\n\t\t\t\t\t\t\t\t\t\t\t\t<label for=\"form-field-field_2c15b7a\" class=\"elementor-field-label\">\n\t\t\t\t\t\t\t\tPostitoimipaikka\t\t\t\t\t\t\t<\/label>\n\t\t\t\t\t\t\t\t\t\t\t\t\t\t<input size=\"1\" type=\"text\" name=\"form_fields[field_2c15b7a]\" id=\"form-field-field_2c15b7a\" class=\"elementor-field elementor-size-sm  elementor-field-textual\" required=\"required\" aria-required=\"true\">\n\t\t\t\t\t\t\t\t\t\t\t<\/div>\n\t\t\t\t\t\t\t\t<div class=\"elementor-field-type-email elementor-field-group elementor-column elementor-field-group-email elementor-col-100 elementor-field-required elementor-mark-required\">\n\t\t\t\t\t\t\t\t\t\t\t\t<label for=\"form-field-email\" class=\"elementor-field-label\">\n\t\t\t\t\t\t\t\tS\u00e4hk\u00f6postiosoite\t\t\t\t\t\t\t<\/label>\n\t\t\t\t\t\t\t\t\t\t\t\t\t\t<input size=\"1\" type=\"email\" name=\"form_fields[email]\" id=\"form-field-email\" class=\"elementor-field elementor-size-sm  elementor-field-textual\" required=\"required\" aria-required=\"true\">\n\t\t\t\t\t\t\t\t\t\t\t<\/div>\n\t\t\t\t\t\t\t\t<div class=\"elementor-field-type-text elementor-field-group elementor-column elementor-field-group-field_17af448 elementor-col-50 elementor-field-required elementor-mark-required\">\n\t\t\t\t\t\t\t\t\t\t\t\t<label for=\"form-field-field_17af448\" class=\"elementor-field-label\">\n\t\t\t\t\t\t\t\tPuhelinnumero\t\t\t\t\t\t\t<\/label>\n\t\t\t\t\t\t\t\t\t\t\t\t\t\t<input size=\"1\" type=\"text\" name=\"form_fields[field_17af448]\" id=\"form-field-field_17af448\" class=\"elementor-field elementor-size-sm  elementor-field-textual\" required=\"required\" aria-required=\"true\">\n\t\t\t\t\t\t\t\t\t\t\t<\/div>\n\t\t\t\t\t\t\t\t<div class=\"elementor-field-type-date elementor-field-group elementor-column elementor-field-group-field_f13a4b1 elementor-col-50 elementor-field-required elementor-mark-required\">\n\t\t\t\t\t\t\t\t\t\t\t\t<label for=\"form-field-field_f13a4b1\" class=\"elementor-field-label\">\n\t\t\t\t\t\t\t\tSyntym\u00e4aika (pp.kk.vvvv)\t\t\t\t\t\t\t<\/label>\n\t\t\t\t\t\t\n\t\t<input type=\"date\" name=\"form_fields[field_f13a4b1]\" id=\"form-field-field_f13a4b1\" class=\"elementor-field elementor-size-sm  elementor-field-textual elementor-date-field elementor-use-native\" required=\"required\" aria-required=\"true\" pattern=\"[0-9]{4}-[0-9]{2}-[0-9]{2}\">\n\t\t\t\t\t\t<\/div>\n\t\t\t\t\t\t\t\t<div class=\"elementor-field-type-textarea elementor-field-group elementor-column elementor-field-group-field_52f2e5d elementor-col-100\">\n\t\t\t\t\t\t\t\t\t\t\t\t<label for=\"form-field-field_52f2e5d\" class=\"elementor-field-label\">\n\t\t\t\t\t\t\t\tKerro vapaamuotoisesti itsest\u00e4si ja osaamisestasi\t\t\t\t\t\t\t<\/label>\n\t\t\t\t\t\t<textarea class=\"elementor-field-textual elementor-field  elementor-size-sm\" name=\"form_fields[field_52f2e5d]\" id=\"form-field-field_52f2e5d\" rows=\"8\"><\/textarea>\t\t\t\t<\/div>\n\t\t\t\t\t\t\t\t<div class=\"elementor-field-type-textarea elementor-field-group elementor-column elementor-field-group-field_bc047af elementor-col-100\">\n\t\t\t\t\t\t\t\t\t\t\t\t<label for=\"form-field-field_bc047af\" class=\"elementor-field-label\">\n\t\t\t\t\t\t\t\tKerro ty\u00f6kokemuksestasi\t\t\t\t\t\t\t<\/label>\n\t\t\t\t\t\t<textarea class=\"elementor-field-textual elementor-field  elementor-size-sm\" name=\"form_fields[field_bc047af]\" id=\"form-field-field_bc047af\" rows=\"8\"><\/textarea>\t\t\t\t<\/div>\n\t\t\t\t\t\t\t\t<div class=\"elementor-field-type-upload elementor-field-group elementor-column elementor-field-group-field_765bc46 elementor-col-100\">\n\t\t\t\t\t\t\t\t\t\t\t\t<label for=\"form-field-field_765bc46\" class=\"elementor-field-label\">\n\t\t\t\t\t\t\t\tTy\u00f6hakemus (enint\u00e4\u00e4n 2 MB, vain pdf-tiedosto)\t\t\t\t\t\t\t<\/label>\n\t\t\t\t\t\t\t\t<input type=\"file\" name=\"form_fields[field_765bc46]\" id=\"form-field-field_765bc46\" class=\"elementor-field elementor-size-sm  elementor-upload-field\" data-maxsize=\"2\" data-maxsize-message=\"This file exceeds the maximum allowed size.\">\n\n\t\t\t\t\t\t<\/div>\n\t\t\t\t\t\t\t\t<div class=\"elementor-field-type-upload elementor-field-group elementor-column elementor-field-group-field_3dce724 elementor-col-100\">\n\t\t\t\t\t\t\t\t\t\t\t\t<label for=\"form-field-field_3dce724\" class=\"elementor-field-label\">\n\t\t\t\t\t\t\t\tAnsioluettelo (enint\u00e4\u00e4n 2 MB, vain pdf-tiedosto)\t\t\t\t\t\t\t<\/label>\n\t\t\t\t\t\t\t\t<input type=\"file\" name=\"form_fields[field_3dce724]\" id=\"form-field-field_3dce724\" class=\"elementor-field elementor-size-sm  elementor-upload-field\">\n\n\t\t\t\t\t\t<\/div>\n\t\t\t\t\t\t\t\t<div class=\"elementor-field-type-textarea elementor-field-group elementor-column elementor-field-group-field_926a28e elementor-col-100\">\n\t\t\t\t\t\t\t\t\t\t\t\t<label for=\"form-field-field_926a28e\" class=\"elementor-field-label\">\n\t\t\t\t\t\t\t\tKysy vapaasti\t\t\t\t\t\t\t<\/label>\n\t\t\t\t\t\t<textarea class=\"elementor-field-textual elementor-field  elementor-size-sm\" name=\"form_fields[field_926a28e]\" id=\"form-field-field_926a28e\" rows=\"4\"><\/textarea>\t\t\t\t<\/div>\n\t\t\t\t\t\t\t\t<div class=\"elementor-field-type-recaptcha_v3 elementor-field-group elementor-column elementor-field-group-field_ecb5ba6 elementor-col-100 recaptcha_v3-bottomright\">\n\t\t\t\t\t<div class=\"elementor-field\" id=\"form-field-field_ecb5ba6\"><div class=\"elementor-g-recaptcha\" data-sitekey=\"6LdfHgkcAAAAABen2jjuXzKVPn61TlO8XMjYhxQs\" data-type=\"v3\" data-action=\"Form\" data-badge=\"bottomright\" data-size=\"invisible\"><\/div><\/div>\t\t\t\t<\/div>\n\t\t\t\t\t\t\t\t<div class=\"elementor-field-group elementor-column elementor-field-type-submit elementor-col-100 e-form__buttons\">\n\t\t\t\t\t<button type=\"submit\" class=\"elementor-button elementor-size-sm\">\n\t\t\t\t\t\t<span >\n\t\t\t\t\t\t\t\t\t\t\t\t\t\t\t<span class=\"elementor-align-icon-right elementor-button-icon\">\n\t\t\t\t\t\t\t\t\t<i aria-hidden=\"true\" class=\"fas fa-angle-right\"><\/i>\t\t\t\t\t\t\t\t\t\t\t\t\t\t\t\t\t<\/span>\n\t\t\t\t\t\t\t\t\t\t\t\t\t\t\t\t\t\t\t\t\t\t<span class=\"elementor-button-text\">L\u00e4het\u00e4 hakemus<\/span>\n\t\t\t\t\t\t\t\t\t\t\t\t\t<\/span>\n\t\t\t\t\t<\/button>\n\t\t\t\t<\/div>\n\t\t\t<\/div>\n\t\t<\/form>\n\t\t\t\t\t\t<\/div>\n\t\t\t\t<\/div>\n\t\t\t\t\t<\/div>\n\t\t<\/div>\n\t\t\t\t\t<\/div>\n\t\t<\/section>\n\t\t\t\t<\/div>\n\t\t","protected":false},"excerpt":{"rendered":"<p>Etsitk\u00f6 t\u00f6it\u00e4? Siin\u00e4 tapauksessa OsuusMets\u00e4 on oikea osoite! Etsimme jatkuvasti osaajia erilaisiin teht\u00e4viin. Haku on jatkuva ja osaaville tekij\u00f6ille on aina tarvetta. Tutustu avoimiin ty\u00f6paikkoihin tai j\u00e4t\u00e4 avoin hakemus hakulomakkeen kautta. Avoimet ty\u00f6paikat Avoin hakemus T\u00e4yt\u00e4 alla oleva lomake, jos haluat l\u00e4hett\u00e4\u00e4 avoimen hakemuksen. Yll\u00e4 oleviin avoimiin ty\u00f6paikkoihin haetaan jokaisen ty\u00f6teht\u00e4v\u00e4n omalta sivulta. Lomakkeen vaaditut [&hellip;]<\/p>\n","protected":false},"author":1,"featured_media":0,"parent":0,"menu_order":7,"comment_status":"closed","ping_status":"closed","template":"","meta":{"_acf_changed":false,"site-sidebar-layout":"no-sidebar","site-content-layout":"page-builder","ast-site-content-layout":"default","site-content-style":"default","site-sidebar-style":"default","ast-global-header-display":"","ast-banner-title-visibility":"","ast-main-header-display":"","ast-hfb-above-header-display":"","ast-hfb-below-header-display":"","ast-hfb-mobile-header-display":"","site-post-title":"disabled","ast-breadcrumbs-content":"","ast-featured-img":"disabled","footer-sml-layout":"","ast-disable-related-posts":"","theme-transparent-header-meta":"default","adv-header-id-meta":"","stick-header-meta":"default","header-above-stick-meta":"","header-main-stick-meta":"","header-below-stick-meta":"","astra-migrate-meta-layouts":"default","ast-page-background-enabled":"default","ast-page-background-meta":{"desktop":{"background-color":"","background-image":"","background-repeat":"repeat","background-position":"center center","background-size":"auto","background-attachment":"scroll","background-type":"","background-media":"","overlay-type":"","overlay-color":"","overlay-opacity":"","overlay-gradient":""},"tablet":{"background-color":"","background-image":"","background-repeat":"repeat","background-position":"center center","background-size":"auto","background-attachment":"scroll","background-type":"","background-media":"","overlay-type":"","overlay-color":"","overlay-opacity":"","overlay-gradient":""},"mobile":{"background-color":"","background-image":"","background-repeat":"repeat","background-position":"center center","background-size":"auto","background-attachment":"scroll","background-type":"","background-media":"","overlay-type":"","overlay-color":"","overlay-opacity":"","overlay-gradient":""}},"ast-content-background-meta":{"desktop":{"background-color":"var(--ast-global-color-5)","background-image":"","background-repeat":"repeat","background-position":"center center","background-size":"auto","background-attachment":"scroll","background-type":"","background-media":"","overlay-type":"","overlay-color":"","overlay-opacity":"","overlay-gradient":""},"tablet":{"background-color":"var(--ast-global-color-5)","background-image":"","background-repeat":"repeat","background-position":"center center","background-size":"auto","background-attachment":"scroll","background-type":"","background-media":"","overlay-type":"","overlay-color":"","overlay-opacity":"","overlay-gradient":""},"mobile":{"background-color":"var(--ast-global-color-5)","background-image":"","background-repeat":"repeat","background-position":"center center","background-size":"auto","background-attachment":"scroll","background-type":"","background-media":"","overlay-type":"","overlay-color":"","overlay-opacity":"","overlay-gradient":""}},"footnotes":""},"acf":[],"yoast_head":"<!-- This site is optimized with the Yoast SEO plugin v23.5 - https:\/\/yoast.com\/wordpress\/plugins\/seo\/ -->\n<title>Rekrytointi - Mets&auml;opiskelijoiden OsuusMets&auml;<\/title>\n<meta name=\"robots\" content=\"index, follow, max-snippet:-1, max-image-preview:large, max-video-preview:-1\" \/>\n<link rel=\"canonical\" href=\"https:\/\/osuusmetsa.fi\/paasivusto\/rekrytointi\/\" \/>\n<meta property=\"og:locale\" content=\"fi_FI\" \/>\n<meta property=\"og:type\" content=\"article\" \/>\n<meta property=\"og:title\" content=\"Rekrytointi - Mets&auml;opiskelijoiden OsuusMets&auml;\" \/>\n<meta property=\"og:description\" content=\"Etsitk\u00f6 t\u00f6it\u00e4? Siin\u00e4 tapauksessa OsuusMets\u00e4 on oikea osoite! Etsimme jatkuvasti osaajia erilaisiin teht\u00e4viin. Haku on jatkuva ja osaaville tekij\u00f6ille on aina tarvetta. Tutustu avoimiin ty\u00f6paikkoihin tai j\u00e4t\u00e4 avoin hakemus hakulomakkeen kautta. Avoimet ty\u00f6paikat Avoin hakemus T\u00e4yt\u00e4 alla oleva lomake, jos haluat l\u00e4hett\u00e4\u00e4 avoimen hakemuksen. Yll\u00e4 oleviin avoimiin ty\u00f6paikkoihin haetaan jokaisen ty\u00f6teht\u00e4v\u00e4n omalta sivulta. Lomakkeen vaaditut [&hellip;]\" \/>\n<meta property=\"og:url\" content=\"https:\/\/osuusmetsa.fi\/paasivusto\/rekrytointi\/\" \/>\n<meta property=\"og:site_name\" content=\"Mets&auml;opiskelijoiden OsuusMets&auml;\" \/>\n<meta property=\"article:modified_time\" content=\"2023-01-16T12:55:30+00:00\" \/>\n<meta name=\"twitter:card\" content=\"summary_large_image\" \/>\n<meta name=\"twitter:label1\" content=\"Arvioitu lukuaika\" \/>\n\t<meta name=\"twitter:data1\" content=\"1 minuutti\" \/>\n<script type=\"application\/ld+json\" class=\"yoast-schema-graph\">{\"@context\":\"https:\/\/schema.org\",\"@graph\":[{\"@type\":\"WebPage\",\"@id\":\"https:\/\/osuusmetsa.fi\/paasivusto\/rekrytointi\/\",\"url\":\"https:\/\/osuusmetsa.fi\/paasivusto\/rekrytointi\/\",\"name\":\"Rekrytointi - Mets&auml;opiskelijoiden OsuusMets&auml;\",\"isPartOf\":{\"@id\":\"https:\/\/osuusmetsa.fi\/paasivusto\/#website\"},\"datePublished\":\"2021-09-07T18:14:38+00:00\",\"dateModified\":\"2023-01-16T12:55:30+00:00\",\"breadcrumb\":{\"@id\":\"https:\/\/osuusmetsa.fi\/paasivusto\/rekrytointi\/#breadcrumb\"},\"inLanguage\":\"fi\",\"potentialAction\":[{\"@type\":\"ReadAction\",\"target\":[\"https:\/\/osuusmetsa.fi\/paasivusto\/rekrytointi\/\"]}]},{\"@type\":\"BreadcrumbList\",\"@id\":\"https:\/\/osuusmetsa.fi\/paasivusto\/rekrytointi\/#breadcrumb\",\"itemListElement\":[{\"@type\":\"ListItem\",\"position\":1,\"name\":\"Etusivu\",\"item\":\"https:\/\/osuusmetsa.fi\/paasivusto\/\"},{\"@type\":\"ListItem\",\"position\":2,\"name\":\"Rekrytointi\"}]},{\"@type\":\"WebSite\",\"@id\":\"https:\/\/osuusmetsa.fi\/paasivusto\/#website\",\"url\":\"https:\/\/osuusmetsa.fi\/paasivusto\/\",\"name\":\"Mets\u00e4opiskelijoiden OsuusMets\u00e4\",\"description\":\"Osuuskunta mets&auml;alan opiskelijoille\",\"publisher\":{\"@id\":\"https:\/\/osuusmetsa.fi\/paasivusto\/#organization\"},\"potentialAction\":[{\"@type\":\"SearchAction\",\"target\":{\"@type\":\"EntryPoint\",\"urlTemplate\":\"https:\/\/osuusmetsa.fi\/paasivusto\/?s={search_term_string}\"},\"query-input\":{\"@type\":\"PropertyValueSpecification\",\"valueRequired\":true,\"valueName\":\"search_term_string\"}}],\"inLanguage\":\"fi\"},{\"@type\":\"Organization\",\"@id\":\"https:\/\/osuusmetsa.fi\/paasivusto\/#organization\",\"name\":\"Mets\u00e4opiskelijoiden OsuusMets\u00e4\",\"url\":\"https:\/\/osuusmetsa.fi\/paasivusto\/\",\"logo\":{\"@type\":\"ImageObject\",\"inLanguage\":\"fi\",\"@id\":\"https:\/\/osuusmetsa.fi\/paasivusto\/#\/schema\/logo\/image\/\",\"url\":\"https:\/\/osuusmetsa.fi\/paasivusto\/sisallot\/lataukset\/2021\/08\/OsuusMetsa_logo.png\",\"contentUrl\":\"https:\/\/osuusmetsa.fi\/paasivusto\/sisallot\/lataukset\/2021\/08\/OsuusMetsa_logo.png\",\"width\":519,\"height\":469,\"caption\":\"Mets\u00e4opiskelijoiden OsuusMets\u00e4\"},\"image\":{\"@id\":\"https:\/\/osuusmetsa.fi\/paasivusto\/#\/schema\/logo\/image\/\"}}]}<\/script>\n<!-- \/ Yoast SEO plugin. -->","yoast_head_json":{"title":"Rekrytointi - Mets&auml;opiskelijoiden OsuusMets&auml;","robots":{"index":"index","follow":"follow","max-snippet":"max-snippet:-1","max-image-preview":"max-image-preview:large","max-video-preview":"max-video-preview:-1"},"canonical":"https:\/\/osuusmetsa.fi\/paasivusto\/rekrytointi\/","og_locale":"fi_FI","og_type":"article","og_title":"Rekrytointi - Mets&auml;opiskelijoiden OsuusMets&auml;","og_description":"Etsitk\u00f6 t\u00f6it\u00e4? Siin\u00e4 tapauksessa OsuusMets\u00e4 on oikea osoite! Etsimme jatkuvasti osaajia erilaisiin teht\u00e4viin. Haku on jatkuva ja osaaville tekij\u00f6ille on aina tarvetta. Tutustu avoimiin ty\u00f6paikkoihin tai j\u00e4t\u00e4 avoin hakemus hakulomakkeen kautta. Avoimet ty\u00f6paikat Avoin hakemus T\u00e4yt\u00e4 alla oleva lomake, jos haluat l\u00e4hett\u00e4\u00e4 avoimen hakemuksen. Yll\u00e4 oleviin avoimiin ty\u00f6paikkoihin haetaan jokaisen ty\u00f6teht\u00e4v\u00e4n omalta sivulta. Lomakkeen vaaditut [&hellip;]","og_url":"https:\/\/osuusmetsa.fi\/paasivusto\/rekrytointi\/","og_site_name":"Mets&auml;opiskelijoiden OsuusMets&auml;","article_modified_time":"2023-01-16T12:55:30+00:00","twitter_card":"summary_large_image","twitter_misc":{"Arvioitu lukuaika":"1 minuutti"},"schema":{"@context":"https:\/\/schema.org","@graph":[{"@type":"WebPage","@id":"https:\/\/osuusmetsa.fi\/paasivusto\/rekrytointi\/","url":"https:\/\/osuusmetsa.fi\/paasivusto\/rekrytointi\/","name":"Rekrytointi - Mets&auml;opiskelijoiden OsuusMets&auml;","isPartOf":{"@id":"https:\/\/osuusmetsa.fi\/paasivusto\/#website"},"datePublished":"2021-09-07T18:14:38+00:00","dateModified":"2023-01-16T12:55:30+00:00","breadcrumb":{"@id":"https:\/\/osuusmetsa.fi\/paasivusto\/rekrytointi\/#breadcrumb"},"inLanguage":"fi","potentialAction":[{"@type":"ReadAction","target":["https:\/\/osuusmetsa.fi\/paasivusto\/rekrytointi\/"]}]},{"@type":"BreadcrumbList","@id":"https:\/\/osuusmetsa.fi\/paasivusto\/rekrytointi\/#breadcrumb","itemListElement":[{"@type":"ListItem","position":1,"name":"Etusivu","item":"https:\/\/osuusmetsa.fi\/paasivusto\/"},{"@type":"ListItem","position":2,"name":"Rekrytointi"}]},{"@type":"WebSite","@id":"https:\/\/osuusmetsa.fi\/paasivusto\/#website","url":"https:\/\/osuusmetsa.fi\/paasivusto\/","name":"Mets\u00e4opiskelijoiden OsuusMets\u00e4","description":"Osuuskunta mets&auml;alan opiskelijoille","publisher":{"@id":"https:\/\/osuusmetsa.fi\/paasivusto\/#organization"},"potentialAction":[{"@type":"SearchAction","target":{"@type":"EntryPoint","urlTemplate":"https:\/\/osuusmetsa.fi\/paasivusto\/?s={search_term_string}"},"query-input":{"@type":"PropertyValueSpecification","valueRequired":true,"valueName":"search_term_string"}}],"inLanguage":"fi"},{"@type":"Organization","@id":"https:\/\/osuusmetsa.fi\/paasivusto\/#organization","name":"Mets\u00e4opiskelijoiden OsuusMets\u00e4","url":"https:\/\/osuusmetsa.fi\/paasivusto\/","logo":{"@type":"ImageObject","inLanguage":"fi","@id":"https:\/\/osuusmetsa.fi\/paasivusto\/#\/schema\/logo\/image\/","url":"https:\/\/osuusmetsa.fi\/paasivusto\/sisallot\/lataukset\/2021\/08\/OsuusMetsa_logo.png","contentUrl":"https:\/\/osuusmetsa.fi\/paasivusto\/sisallot\/lataukset\/2021\/08\/OsuusMetsa_logo.png","width":519,"height":469,"caption":"Mets\u00e4opiskelijoiden OsuusMets\u00e4"},"image":{"@id":"https:\/\/osuusmetsa.fi\/paasivusto\/#\/schema\/logo\/image\/"}}]}},"_links":{"self":[{"href":"https:\/\/osuusmetsa.fi\/paasivusto\/wp-json\/wp\/v2\/pages\/687"}],"collection":[{"href":"https:\/\/osuusmetsa.fi\/paasivusto\/wp-json\/wp\/v2\/pages"}],"about":[{"href":"https:\/\/osuusmetsa.fi\/paasivusto\/wp-json\/wp\/v2\/types\/page"}],"author":[{"embeddable":true,"href":"https:\/\/osuusmetsa.fi\/paasivusto\/wp-json\/wp\/v2\/users\/1"}],"replies":[{"embeddable":true,"href":"https:\/\/osuusmetsa.fi\/paasivusto\/wp-json\/wp\/v2\/comments?post=687"}],"version-history":[{"count":2,"href":"https:\/\/osuusmetsa.fi\/paasivusto\/wp-json\/wp\/v2\/pages\/687\/revisions"}],"predecessor-version":[{"id":2550,"href":"https:\/\/osuusmetsa.fi\/paasivusto\/wp-json\/wp\/v2\/pages\/687\/revisions\/2550"}],"wp:attachment":[{"href":"https:\/\/osuusmetsa.fi\/paasivusto\/wp-json\/wp\/v2\/media?parent=687"}],"curies":[{"name":"wp","href":"https:\/\/api.w.org\/{rel}","templated":true}]}}