{"id":1120,"date":"2021-10-10T17:13:07","date_gmt":"2021-10-10T14:13:07","guid":{"rendered":"https:\/\/osuusmetsa.fi\/?page_id=1120"},"modified":"2025-02-25T14:34:54","modified_gmt":"2025-02-25T12:34:54","slug":"palvelut","status":"publish","type":"page","link":"https:\/\/osuusmetsa.fi\/paasivusto\/palvelut\/","title":{"rendered":"Palvelut"},"content":{"rendered":"\t\t<div data-elementor-type=\"wp-page\" data-elementor-id=\"1120\" class=\"elementor elementor-1120\">\n\t\t\t\t\t\t<section class=\"elementor-section elementor-top-section elementor-element elementor-element-fad87a2 elementor-section-boxed elementor-section-height-default elementor-section-height-default\" data-id=\"fad87a2\" data-element_type=\"section\">\n\t\t\t\t\t\t<div class=\"elementor-container elementor-column-gap-default\">\n\t\t\t\t\t<div class=\"elementor-column elementor-col-50 elementor-top-column elementor-element elementor-element-4fa1e22\" data-id=\"4fa1e22\" data-element_type=\"column\" data-settings=\"{&quot;background_background&quot;:&quot;classic&quot;}\">\n\t\t\t<div class=\"elementor-widget-wrap elementor-element-populated\">\n\t\t\t\t\t\t<div class=\"elementor-element elementor-element-929f084 elementor-view-default elementor-widget elementor-widget-icon\" data-id=\"929f084\" data-element_type=\"widget\" data-widget_type=\"icon.default\">\n\t\t\t\t<div class=\"elementor-widget-container\">\n\t\t\t\t\t\t\t<div class=\"elementor-icon-wrapper\">\n\t\t\t<div class=\"elementor-icon\">\n\t\t\t<i aria-hidden=\"true\" class=\"far fa-comment-dots\"><\/i>\t\t\t<\/div>\n\t\t<\/div>\n\t\t\t\t\t\t<\/div>\n\t\t\t\t<\/div>\n\t\t\t\t<div class=\"elementor-element elementor-element-5b37670 elementor-widget elementor-widget-heading\" data-id=\"5b37670\" data-element_type=\"widget\" data-widget_type=\"heading.default\">\n\t\t\t\t<div class=\"elementor-widget-container\">\n\t\t\t\t\t<h2 class=\"elementor-heading-title elementor-size-default\">Koulutukset ja konsultointi<\/h2>\t\t\t\t<\/div>\n\t\t\t\t<\/div>\n\t\t\t\t<div class=\"elementor-element elementor-element-c1ad6e1 elementor-widget elementor-widget-text-editor\" data-id=\"c1ad6e1\" data-element_type=\"widget\" data-widget_type=\"text-editor.default\">\n\t\t\t\t<div class=\"elementor-widget-container\">\n\t\t\t\t\t\t\t\t\tTarvitseeko yrityksesi uutta n\u00e4k\u00f6kulmaa haastavan p\u00e4\u00e4t\u00f6ksen tai projektin parissa? Viimeisint\u00e4 ja tuoreinta l\u00e4hestymistapaa edustavat osaajamme antavat t\u00e4yden panoksensa yrityksellenne. Palvelun takana on viimeisin tutkimustieto ja n\u00e4kemykset sek\u00e4 akatemiasta ett\u00e4 yritysmaailmasta.\t\t\t\t\t\t\t\t<\/div>\n\t\t\t\t<\/div>\n\t\t\t\t\t<\/div>\n\t\t<\/div>\n\t\t\t\t<div class=\"elementor-column elementor-col-50 elementor-top-column elementor-element elementor-element-438077b\" data-id=\"438077b\" data-element_type=\"column\" data-settings=\"{&quot;background_background&quot;:&quot;classic&quot;}\">\n\t\t\t<div class=\"elementor-widget-wrap elementor-element-populated\">\n\t\t\t\t\t\t<div class=\"elementor-element elementor-element-0457690 elementor-view-default elementor-widget elementor-widget-icon\" data-id=\"0457690\" data-element_type=\"widget\" data-widget_type=\"icon.default\">\n\t\t\t\t<div class=\"elementor-widget-container\">\n\t\t\t\t\t\t\t<div class=\"elementor-icon-wrapper\">\n\t\t\t<div class=\"elementor-icon\">\n\t\t\t<i aria-hidden=\"true\" class=\"fas fa-calculator\"><\/i>\t\t\t<\/div>\n\t\t<\/div>\n\t\t\t\t\t\t<\/div>\n\t\t\t\t<\/div>\n\t\t\t\t<div class=\"elementor-element elementor-element-c9a2071 elementor-widget elementor-widget-heading\" data-id=\"c9a2071\" data-element_type=\"widget\" data-widget_type=\"heading.default\">\n\t\t\t\t<div class=\"elementor-widget-container\">\n\t\t\t\t\t<h2 class=\"elementor-heading-title elementor-size-default\">Toimihenkil\u00f6teht\u00e4v\u00e4t<\/h2>\t\t\t\t<\/div>\n\t\t\t\t<\/div>\n\t\t\t\t<div class=\"elementor-element elementor-element-3e0e75e elementor-widget elementor-widget-text-editor\" data-id=\"3e0e75e\" data-element_type=\"widget\" data-widget_type=\"text-editor.default\">\n\t\t\t\t<div class=\"elementor-widget-container\">\n\t\t\t\t\t\t\t\t\tJohdamme ammattitaitoiset tekij\u00e4t juuri oikeisiin ty\u00f6teht\u00e4viin. Opintojen eri vaiheissa olevat opiskelijat tarjoavat tilaisuuden l\u00f6yt\u00e4\u00e4 jokaiselle jotakin. Opintojen loppupuolella olevilla opiskelijoilla koulutuksen tuoma tieto yhdistettyn\u00e4 ty\u00f6kokemukseen tekev\u00e4t heist\u00e4 erinomaisia ty\u00f6ntekij\u00f6it\u00e4 toimihenkil\u00f6teht\u00e4viin.\t\t\t\t\t\t\t\t<\/div>\n\t\t\t\t<\/div>\n\t\t\t\t\t<\/div>\n\t\t<\/div>\n\t\t\t\t\t<\/div>\n\t\t<\/section>\n\t\t\t\t<section class=\"elementor-section elementor-top-section elementor-element elementor-element-5a6f1eb6 elementor-reverse-tablet elementor-reverse-mobile elementor-section-boxed elementor-section-height-default elementor-section-height-default\" data-id=\"5a6f1eb6\" data-element_type=\"section\">\n\t\t\t\t\t\t<div class=\"elementor-container elementor-column-gap-default\">\n\t\t\t\t\t<div class=\"elementor-column elementor-col-50 elementor-top-column elementor-element elementor-element-5d33bd97\" data-id=\"5d33bd97\" data-element_type=\"column\" data-settings=\"{&quot;background_background&quot;:&quot;classic&quot;}\">\n\t\t\t<div class=\"elementor-widget-wrap elementor-element-populated\">\n\t\t\t\t\t\t<div class=\"elementor-element elementor-element-b33f088 elementor-view-default elementor-widget elementor-widget-icon\" data-id=\"b33f088\" data-element_type=\"widget\" data-widget_type=\"icon.default\">\n\t\t\t\t<div class=\"elementor-widget-container\">\n\t\t\t\t\t\t\t<div class=\"elementor-icon-wrapper\">\n\t\t\t<div class=\"elementor-icon\">\n\t\t\t<i aria-hidden=\"true\" class=\"fas fa-tree\"><\/i>\t\t\t<\/div>\n\t\t<\/div>\n\t\t\t\t\t\t<\/div>\n\t\t\t\t<\/div>\n\t\t\t\t<div class=\"elementor-element elementor-element-699ead66 elementor-widget elementor-widget-heading\" data-id=\"699ead66\" data-element_type=\"widget\" data-widget_type=\"heading.default\">\n\t\t\t\t<div class=\"elementor-widget-container\">\n\t\t\t\t\t<h2 class=\"elementor-heading-title elementor-size-default\">Maastoty\u00f6t<\/h2>\t\t\t\t<\/div>\n\t\t\t\t<\/div>\n\t\t\t\t<div class=\"elementor-element elementor-element-34b8360a elementor-widget elementor-widget-text-editor\" data-id=\"34b8360a\" data-element_type=\"widget\" data-widget_type=\"text-editor.default\">\n\t\t\t\t<div class=\"elementor-widget-container\">\n\t\t\t\t\t\t\t\t\t<p>V\u00e4lit\u00e4mme kentt\u00e4kelpoisia ja osaavia tekij\u00f6it\u00e4 erilaisiin mets\u00e4alan maastot\u00f6ihin. Rekrytoimme nopeasti ja helposti ty\u00f6ntekij\u00f6it\u00e4 esimerkiksi istutust\u00f6ihin ja taimikonhoitoon, joissa ty\u00f6ntekij\u00e4mme k\u00e4ytt\u00e4v\u00e4t tilaajan laitteita. Mets\u00e4nhoitotoimenpiteiden lis\u00e4ksi etsimme osaajat my\u00f6s koealamittauksiin, korjuuvauriotarkastuksiin ja moneen muuhun.<\/p>\t\t\t\t\t\t\t\t<\/div>\n\t\t\t\t<\/div>\n\t\t\t\t\t<\/div>\n\t\t<\/div>\n\t\t\t\t<div class=\"elementor-column elementor-col-50 elementor-top-column elementor-element elementor-element-6245251f\" data-id=\"6245251f\" data-element_type=\"column\" data-settings=\"{&quot;background_background&quot;:&quot;classic&quot;}\">\n\t\t\t<div class=\"elementor-widget-wrap elementor-element-populated\">\n\t\t\t\t\t\t<div class=\"elementor-element elementor-element-6f052400 elementor-view-default elementor-widget elementor-widget-icon\" data-id=\"6f052400\" data-element_type=\"widget\" data-widget_type=\"icon.default\">\n\t\t\t\t<div class=\"elementor-widget-container\">\n\t\t\t\t\t\t\t<div class=\"elementor-icon-wrapper\">\n\t\t\t<div class=\"elementor-icon\">\n\t\t\t<i aria-hidden=\"true\" class=\"far fa-edit\"><\/i>\t\t\t<\/div>\n\t\t<\/div>\n\t\t\t\t\t\t<\/div>\n\t\t\t\t<\/div>\n\t\t\t\t<div class=\"elementor-element elementor-element-734f31ce elementor-widget elementor-widget-heading\" data-id=\"734f31ce\" data-element_type=\"widget\" data-widget_type=\"heading.default\">\n\t\t\t\t<div class=\"elementor-widget-container\">\n\t\t\t\t\t<h2 class=\"elementor-heading-title elementor-size-default\">Tutkimusteht\u00e4v\u00e4t<\/h2>\t\t\t\t<\/div>\n\t\t\t\t<\/div>\n\t\t\t\t<div class=\"elementor-element elementor-element-7d40b591 elementor-widget elementor-widget-text-editor\" data-id=\"7d40b591\" data-element_type=\"widget\" data-widget_type=\"text-editor.default\">\n\t\t\t\t<div class=\"elementor-widget-container\">\n\t\t\t\t\t\t\t\t\tOsuuskunnan asiakkaana p\u00e4\u00e4set hy\u00f6dynt\u00e4m\u00e4\u00e4n monipuolisia akateemisia osaajia mets\u00e4alan eri alueilta. Opiskelijoiden joukosta l\u00f6ytyy asiantuntevia tekij\u00f6it\u00e4 tutkimuksen kaikkiin vaiheisiin, maastomittauksista aina raportointiin saakka. Tarjoamme my\u00f6s kokonaisvaltaista tutkimusta Pro Gradu-tutkielmana. Ota yhteytt\u00e4 tutkimustarpeesi kanssa ja yhdistet\u00e4\u00e4n siihen tarpeeseen oikea tekij\u00e4!\t\t\t\t\t\t\t\t<\/div>\n\t\t\t\t<\/div>\n\t\t\t\t\t<\/div>\n\t\t<\/div>\n\t\t\t\t\t<\/div>\n\t\t<\/section>\n\t\t\t\t<section class=\"elementor-section elementor-top-section elementor-element elementor-element-7a9626bd elementor-section-boxed elementor-section-height-default elementor-section-height-default\" data-id=\"7a9626bd\" data-element_type=\"section\">\n\t\t\t\t\t\t<div class=\"elementor-container elementor-column-gap-default\">\n\t\t\t\t\t<div class=\"elementor-column elementor-col-100 elementor-top-column elementor-element elementor-element-1252bd0f\" data-id=\"1252bd0f\" data-element_type=\"column\">\n\t\t\t<div class=\"elementor-widget-wrap elementor-element-populated\">\n\t\t\t\t\t\t<section class=\"elementor-section elementor-inner-section elementor-element elementor-element-56bddbe3 elementor-section-boxed elementor-section-height-default elementor-section-height-default\" data-id=\"56bddbe3\" data-element_type=\"section\" data-settings=\"{&quot;background_background&quot;:&quot;classic&quot;}\">\n\t\t\t\t\t\t<div class=\"elementor-container elementor-column-gap-default\">\n\t\t\t\t\t<div class=\"elementor-column elementor-col-50 elementor-inner-column elementor-element elementor-element-7807cc6e\" data-id=\"7807cc6e\" data-element_type=\"column\">\n\t\t\t<div class=\"elementor-widget-wrap elementor-element-populated\">\n\t\t\t\t\t\t<div class=\"elementor-element elementor-element-73a75d7d elementor-view-default elementor-widget elementor-widget-icon\" data-id=\"73a75d7d\" data-element_type=\"widget\" data-widget_type=\"icon.default\">\n\t\t\t\t<div class=\"elementor-widget-container\">\n\t\t\t\t\t\t\t<div class=\"elementor-icon-wrapper\">\n\t\t\t<div class=\"elementor-icon\">\n\t\t\t<i aria-hidden=\"true\" class=\"fas fa-check\"><\/i>\t\t\t<\/div>\n\t\t<\/div>\n\t\t\t\t\t\t<\/div>\n\t\t\t\t<\/div>\n\t\t\t\t\t<\/div>\n\t\t<\/div>\n\t\t\t\t<div class=\"elementor-column elementor-col-50 elementor-inner-column elementor-element elementor-element-30f07f7c\" data-id=\"30f07f7c\" data-element_type=\"column\" data-settings=\"{&quot;background_background&quot;:&quot;classic&quot;}\">\n\t\t\t<div class=\"elementor-widget-wrap elementor-element-populated\">\n\t\t\t\t\t\t<div class=\"elementor-element elementor-element-44257643 elementor-widget elementor-widget-heading\" data-id=\"44257643\" data-element_type=\"widget\" data-widget_type=\"heading.default\">\n\t\t\t\t<div class=\"elementor-widget-container\">\n\t\t\t\t\t<h2 class=\"elementor-heading-title elementor-size-default\">Jokin muu teht\u00e4v\u00e4?<\/h2>\t\t\t\t<\/div>\n\t\t\t\t<\/div>\n\t\t\t\t<div class=\"elementor-element elementor-element-206a4c7 elementor-widget elementor-widget-text-editor\" data-id=\"206a4c7\" data-element_type=\"widget\" data-widget_type=\"text-editor.default\">\n\t\t\t\t<div class=\"elementor-widget-container\">\n\t\t\t\t\t\t\t\t\tOsaavat tekij\u00e4mme ovat valmiina kaikenlaisiin teht\u00e4viin ja tarjoamme osaajia monipuolisesti erilaisiin hankkeisiin. Kerro tarpeesi meille ja me etsimme teht\u00e4v\u00e4\u00e4n sopivat tekij\u00e4t.\t\t\t\t\t\t\t\t<\/div>\n\t\t\t\t<\/div>\n\t\t\t\t\t<\/div>\n\t\t<\/div>\n\t\t\t\t\t<\/div>\n\t\t<\/section>\n\t\t\t\t\t<\/div>\n\t\t<\/div>\n\t\t\t\t\t<\/div>\n\t\t<\/section>\n\t\t\t\t<\/div>\n\t\t","protected":false},"excerpt":{"rendered":"<p>Koulutukset ja konsultointi Tarvitseeko yrityksesi uutta n\u00e4k\u00f6kulmaa haastavan p\u00e4\u00e4t\u00f6ksen tai projektin parissa? Viimeisint\u00e4 ja tuoreinta l\u00e4hestymistapaa edustavat osaajamme antavat t\u00e4yden panoksensa yrityksellenne. Palvelun takana on viimeisin tutkimustieto ja n\u00e4kemykset sek\u00e4 akatemiasta ett\u00e4 yritysmaailmasta. Toimihenkil\u00f6teht\u00e4v\u00e4t Johdamme ammattitaitoiset tekij\u00e4t juuri oikeisiin ty\u00f6teht\u00e4viin. Opintojen eri vaiheissa olevat opiskelijat tarjoavat tilaisuuden l\u00f6yt\u00e4\u00e4 jokaiselle jotakin. Opintojen loppupuolella olevilla opiskelijoilla koulutuksen [&hellip;]<\/p>\n","protected":false},"author":1,"featured_media":0,"parent":0,"menu_order":4,"comment_status":"closed","ping_status":"closed","template":"","meta":{"_acf_changed":false,"site-sidebar-layout":"no-sidebar","site-content-layout":"page-builder","ast-site-content-layout":"default","site-content-style":"default","site-sidebar-style":"default","ast-global-header-display":"","ast-banner-title-visibility":"","ast-main-header-display":"","ast-hfb-above-header-display":"","ast-hfb-below-header-display":"","ast-hfb-mobile-header-display":"","site-post-title":"disabled","ast-breadcrumbs-content":"","ast-featured-img":"disabled","footer-sml-layout":"","ast-disable-related-posts":"","theme-transparent-header-meta":"default","adv-header-id-meta":"","stick-header-meta":"default","header-above-stick-meta":"","header-main-stick-meta":"","header-below-stick-meta":"","astra-migrate-meta-layouts":"default","ast-page-background-enabled":"default","ast-page-background-meta":{"desktop":{"background-color":"","background-image":"","background-repeat":"repeat","background-position":"center center","background-size":"auto","background-attachment":"scroll","background-type":"","background-media":"","overlay-type":"","overlay-color":"","overlay-opacity":"","overlay-gradient":""},"tablet":{"background-color":"","background-image":"","background-repeat":"repeat","background-position":"center center","background-size":"auto","background-attachment":"scroll","background-type":"","background-media":"","overlay-type":"","overlay-color":"","overlay-opacity":"","overlay-gradient":""},"mobile":{"background-color":"","background-image":"","background-repeat":"repeat","background-position":"center center","background-size":"auto","background-attachment":"scroll","background-type":"","background-media":"","overlay-type":"","overlay-color":"","overlay-opacity":"","overlay-gradient":""}},"ast-content-background-meta":{"desktop":{"background-color":"var(--ast-global-color-5)","background-image":"","background-repeat":"repeat","background-position":"center center","background-size":"auto","background-attachment":"scroll","background-type":"","background-media":"","overlay-type":"","overlay-color":"","overlay-opacity":"","overlay-gradient":""},"tablet":{"background-color":"var(--ast-global-color-5)","background-image":"","background-repeat":"repeat","background-position":"center center","background-size":"auto","background-attachment":"scroll","background-type":"","background-media":"","overlay-type":"","overlay-color":"","overlay-opacity":"","overlay-gradient":""},"mobile":{"background-color":"var(--ast-global-color-5)","background-image":"","background-repeat":"repeat","background-position":"center center","background-size":"auto","background-attachment":"scroll","background-type":"","background-media":"","overlay-type":"","overlay-color":"","overlay-opacity":"","overlay-gradient":""}},"footnotes":""},"acf":[],"yoast_head":"<!-- This site is optimized with the Yoast SEO plugin v23.5 - https:\/\/yoast.com\/wordpress\/plugins\/seo\/ -->\n<title>Palvelut - Mets&auml;opiskelijoiden OsuusMets&auml;<\/title>\n<meta name=\"robots\" content=\"index, follow, max-snippet:-1, max-image-preview:large, max-video-preview:-1\" \/>\n<link rel=\"canonical\" href=\"https:\/\/osuusmetsa.fi\/paasivusto\/palvelut\/\" \/>\n<meta property=\"og:locale\" content=\"fi_FI\" \/>\n<meta property=\"og:type\" content=\"article\" \/>\n<meta property=\"og:title\" content=\"Palvelut - Mets&auml;opiskelijoiden OsuusMets&auml;\" \/>\n<meta property=\"og:description\" content=\"Koulutukset ja konsultointi Tarvitseeko yrityksesi uutta n\u00e4k\u00f6kulmaa haastavan p\u00e4\u00e4t\u00f6ksen tai projektin parissa? Viimeisint\u00e4 ja tuoreinta l\u00e4hestymistapaa edustavat osaajamme antavat t\u00e4yden panoksensa yrityksellenne. Palvelun takana on viimeisin tutkimustieto ja n\u00e4kemykset sek\u00e4 akatemiasta ett\u00e4 yritysmaailmasta. Toimihenkil\u00f6teht\u00e4v\u00e4t Johdamme ammattitaitoiset tekij\u00e4t juuri oikeisiin ty\u00f6teht\u00e4viin. Opintojen eri vaiheissa olevat opiskelijat tarjoavat tilaisuuden l\u00f6yt\u00e4\u00e4 jokaiselle jotakin. Opintojen loppupuolella olevilla opiskelijoilla koulutuksen [&hellip;]\" \/>\n<meta property=\"og:url\" content=\"https:\/\/osuusmetsa.fi\/paasivusto\/palvelut\/\" \/>\n<meta property=\"og:site_name\" content=\"Mets&auml;opiskelijoiden OsuusMets&auml;\" \/>\n<meta property=\"article:modified_time\" content=\"2025-02-25T12:34:54+00:00\" \/>\n<meta name=\"twitter:card\" content=\"summary_large_image\" \/>\n<meta name=\"twitter:label1\" content=\"Arvioitu lukuaika\" \/>\n\t<meta name=\"twitter:data1\" content=\"1 minuutti\" \/>\n<script type=\"application\/ld+json\" class=\"yoast-schema-graph\">{\"@context\":\"https:\/\/schema.org\",\"@graph\":[{\"@type\":\"WebPage\",\"@id\":\"https:\/\/osuusmetsa.fi\/paasivusto\/palvelut\/\",\"url\":\"https:\/\/osuusmetsa.fi\/paasivusto\/palvelut\/\",\"name\":\"Palvelut - Mets&auml;opiskelijoiden OsuusMets&auml;\",\"isPartOf\":{\"@id\":\"https:\/\/osuusmetsa.fi\/paasivusto\/#website\"},\"datePublished\":\"2021-10-10T14:13:07+00:00\",\"dateModified\":\"2025-02-25T12:34:54+00:00\",\"breadcrumb\":{\"@id\":\"https:\/\/osuusmetsa.fi\/paasivusto\/palvelut\/#breadcrumb\"},\"inLanguage\":\"fi\",\"potentialAction\":[{\"@type\":\"ReadAction\",\"target\":[\"https:\/\/osuusmetsa.fi\/paasivusto\/palvelut\/\"]}]},{\"@type\":\"BreadcrumbList\",\"@id\":\"https:\/\/osuusmetsa.fi\/paasivusto\/palvelut\/#breadcrumb\",\"itemListElement\":[{\"@type\":\"ListItem\",\"position\":1,\"name\":\"Etusivu\",\"item\":\"https:\/\/osuusmetsa.fi\/paasivusto\/\"},{\"@type\":\"ListItem\",\"position\":2,\"name\":\"Palvelut\"}]},{\"@type\":\"WebSite\",\"@id\":\"https:\/\/osuusmetsa.fi\/paasivusto\/#website\",\"url\":\"https:\/\/osuusmetsa.fi\/paasivusto\/\",\"name\":\"Mets\u00e4opiskelijoiden OsuusMets\u00e4\",\"description\":\"Osuuskunta mets&auml;alan opiskelijoille\",\"publisher\":{\"@id\":\"https:\/\/osuusmetsa.fi\/paasivusto\/#organization\"},\"potentialAction\":[{\"@type\":\"SearchAction\",\"target\":{\"@type\":\"EntryPoint\",\"urlTemplate\":\"https:\/\/osuusmetsa.fi\/paasivusto\/?s={search_term_string}\"},\"query-input\":{\"@type\":\"PropertyValueSpecification\",\"valueRequired\":true,\"valueName\":\"search_term_string\"}}],\"inLanguage\":\"fi\"},{\"@type\":\"Organization\",\"@id\":\"https:\/\/osuusmetsa.fi\/paasivusto\/#organization\",\"name\":\"Mets\u00e4opiskelijoiden OsuusMets\u00e4\",\"url\":\"https:\/\/osuusmetsa.fi\/paasivusto\/\",\"logo\":{\"@type\":\"ImageObject\",\"inLanguage\":\"fi\",\"@id\":\"https:\/\/osuusmetsa.fi\/paasivusto\/#\/schema\/logo\/image\/\",\"url\":\"https:\/\/osuusmetsa.fi\/paasivusto\/sisallot\/lataukset\/2021\/08\/OsuusMetsa_logo.png\",\"contentUrl\":\"https:\/\/osuusmetsa.fi\/paasivusto\/sisallot\/lataukset\/2021\/08\/OsuusMetsa_logo.png\",\"width\":519,\"height\":469,\"caption\":\"Mets\u00e4opiskelijoiden OsuusMets\u00e4\"},\"image\":{\"@id\":\"https:\/\/osuusmetsa.fi\/paasivusto\/#\/schema\/logo\/image\/\"}}]}<\/script>\n<!-- \/ Yoast SEO plugin. -->","yoast_head_json":{"title":"Palvelut - Mets&auml;opiskelijoiden OsuusMets&auml;","robots":{"index":"index","follow":"follow","max-snippet":"max-snippet:-1","max-image-preview":"max-image-preview:large","max-video-preview":"max-video-preview:-1"},"canonical":"https:\/\/osuusmetsa.fi\/paasivusto\/palvelut\/","og_locale":"fi_FI","og_type":"article","og_title":"Palvelut - Mets&auml;opiskelijoiden OsuusMets&auml;","og_description":"Koulutukset ja konsultointi Tarvitseeko yrityksesi uutta n\u00e4k\u00f6kulmaa haastavan p\u00e4\u00e4t\u00f6ksen tai projektin parissa? Viimeisint\u00e4 ja tuoreinta l\u00e4hestymistapaa edustavat osaajamme antavat t\u00e4yden panoksensa yrityksellenne. Palvelun takana on viimeisin tutkimustieto ja n\u00e4kemykset sek\u00e4 akatemiasta ett\u00e4 yritysmaailmasta. Toimihenkil\u00f6teht\u00e4v\u00e4t Johdamme ammattitaitoiset tekij\u00e4t juuri oikeisiin ty\u00f6teht\u00e4viin. Opintojen eri vaiheissa olevat opiskelijat tarjoavat tilaisuuden l\u00f6yt\u00e4\u00e4 jokaiselle jotakin. Opintojen loppupuolella olevilla opiskelijoilla koulutuksen [&hellip;]","og_url":"https:\/\/osuusmetsa.fi\/paasivusto\/palvelut\/","og_site_name":"Mets&auml;opiskelijoiden OsuusMets&auml;","article_modified_time":"2025-02-25T12:34:54+00:00","twitter_card":"summary_large_image","twitter_misc":{"Arvioitu lukuaika":"1 minuutti"},"schema":{"@context":"https:\/\/schema.org","@graph":[{"@type":"WebPage","@id":"https:\/\/osuusmetsa.fi\/paasivusto\/palvelut\/","url":"https:\/\/osuusmetsa.fi\/paasivusto\/palvelut\/","name":"Palvelut - Mets&auml;opiskelijoiden OsuusMets&auml;","isPartOf":{"@id":"https:\/\/osuusmetsa.fi\/paasivusto\/#website"},"datePublished":"2021-10-10T14:13:07+00:00","dateModified":"2025-02-25T12:34:54+00:00","breadcrumb":{"@id":"https:\/\/osuusmetsa.fi\/paasivusto\/palvelut\/#breadcrumb"},"inLanguage":"fi","potentialAction":[{"@type":"ReadAction","target":["https:\/\/osuusmetsa.fi\/paasivusto\/palvelut\/"]}]},{"@type":"BreadcrumbList","@id":"https:\/\/osuusmetsa.fi\/paasivusto\/palvelut\/#breadcrumb","itemListElement":[{"@type":"ListItem","position":1,"name":"Etusivu","item":"https:\/\/osuusmetsa.fi\/paasivusto\/"},{"@type":"ListItem","position":2,"name":"Palvelut"}]},{"@type":"WebSite","@id":"https:\/\/osuusmetsa.fi\/paasivusto\/#website","url":"https:\/\/osuusmetsa.fi\/paasivusto\/","name":"Mets\u00e4opiskelijoiden OsuusMets\u00e4","description":"Osuuskunta mets&auml;alan opiskelijoille","publisher":{"@id":"https:\/\/osuusmetsa.fi\/paasivusto\/#organization"},"potentialAction":[{"@type":"SearchAction","target":{"@type":"EntryPoint","urlTemplate":"https:\/\/osuusmetsa.fi\/paasivusto\/?s={search_term_string}"},"query-input":{"@type":"PropertyValueSpecification","valueRequired":true,"valueName":"search_term_string"}}],"inLanguage":"fi"},{"@type":"Organization","@id":"https:\/\/osuusmetsa.fi\/paasivusto\/#organization","name":"Mets\u00e4opiskelijoiden OsuusMets\u00e4","url":"https:\/\/osuusmetsa.fi\/paasivusto\/","logo":{"@type":"ImageObject","inLanguage":"fi","@id":"https:\/\/osuusmetsa.fi\/paasivusto\/#\/schema\/logo\/image\/","url":"https:\/\/osuusmetsa.fi\/paasivusto\/sisallot\/lataukset\/2021\/08\/OsuusMetsa_logo.png","contentUrl":"https:\/\/osuusmetsa.fi\/paasivusto\/sisallot\/lataukset\/2021\/08\/OsuusMetsa_logo.png","width":519,"height":469,"caption":"Mets\u00e4opiskelijoiden OsuusMets\u00e4"},"image":{"@id":"https:\/\/osuusmetsa.fi\/paasivusto\/#\/schema\/logo\/image\/"}}]}},"_links":{"self":[{"href":"https:\/\/osuusmetsa.fi\/paasivusto\/wp-json\/wp\/v2\/pages\/1120"}],"collection":[{"href":"https:\/\/osuusmetsa.fi\/paasivusto\/wp-json\/wp\/v2\/pages"}],"about":[{"href":"https:\/\/osuusmetsa.fi\/paasivusto\/wp-json\/wp\/v2\/types\/page"}],"author":[{"embeddable":true,"href":"https:\/\/osuusmetsa.fi\/paasivusto\/wp-json\/wp\/v2\/users\/1"}],"replies":[{"embeddable":true,"href":"https:\/\/osuusmetsa.fi\/paasivusto\/wp-json\/wp\/v2\/comments?post=1120"}],"version-history":[{"count":1,"href":"https:\/\/osuusmetsa.fi\/paasivusto\/wp-json\/wp\/v2\/pages\/1120\/revisions"}],"predecessor-version":[{"id":2543,"href":"https:\/\/osuusmetsa.fi\/paasivusto\/wp-json\/wp\/v2\/pages\/1120\/revisions\/2543"}],"wp:attachment":[{"href":"https:\/\/osuusmetsa.fi\/paasivusto\/wp-json\/wp\/v2\/media?parent=1120"}],"curies":[{"name":"wp","href":"https:\/\/api.w.org\/{rel}","templated":true}]}}